{"id":1587,"date":"2020-10-21T08:39:19","date_gmt":"2020-11-25T09:48:12","guid":{"rendered":"http:\/\/rayt.com\/?post_type=product&#038;p=1587"},"modified":"2021-02-24T08:11:20","modified_gmt":"2021-02-24T08:11:20","slug":"novopren-c-721-a","status":"publish","type":"product","link":"https:\/\/rayt.com\/fr\/producto\/novopren-c-721-a\/","title":{"rendered":"Novopren C-721-A"},"content":{"rendered":"<p>Adh\u00e9sif de contact \u00e0 base de caoutchouc synth\u00e9tique contenant une formule de solvants calcul\u00e9s pour pr\u00e9server le polystyr\u00e8ne.<br \/>\nPermet de coller des \u00e9l\u00e9ments en polystyr\u00e8ne expans\u00e9 (EPS) ou en polystyr\u00e8ne extrud\u00e9 (XPS) contre lui-m\u00eame ou sur d\u2019autres mat\u00e9riaux (aluminium, pl\u00e2tre, pierre, ma\u00e7onnerie, etc.).<\/p>\n<h4>CARACT\u00c9RISTIQUES<\/h4>\n<p>Inflammable.<br \/>\nConsommation : 200-250 ml\/m2 par c\u00f4t\u00e9.<br \/>\nApplication : spatule dent\u00e9e A1- rouleau &#8211; pinceau<\/p>\n","protected":false},"excerpt":{"rendered":"<p>Adh\u00e9sif de contact \u00e0 base de caoutchouc synth\u00e9tique contenant une<\/p>\n","protected":false},"featured_media":2542,"comment_status":"open","ping_status":"closed","template":"","meta":{"_acf_changed":false},"product_cat":[388,317,395],"product_tag":[],"acf":[],"_links":{"self":[{"href":"https:\/\/rayt.com\/fr\/wp-json\/wp\/v2\/product\/1587"}],"collection":[{"href":"https:\/\/rayt.com\/fr\/wp-json\/wp\/v2\/product"}],"about":[{"href":"https:\/\/rayt.com\/fr\/wp-json\/wp\/v2\/types\/product"}],"replies":[{"embeddable":true,"href":"https:\/\/rayt.com\/fr\/wp-json\/wp\/v2\/comments?post=1587"}],"wp:featuredmedia":[{"embeddable":true,"href":"https:\/\/rayt.com\/fr\/wp-json\/wp\/v2\/media\/2542"}],"wp:attachment":[{"href":"https:\/\/rayt.com\/fr\/wp-json\/wp\/v2\/media?parent=1587"}],"wp:term":[{"taxonomy":"product_cat","embeddable":true,"href":"https:\/\/rayt.com\/fr\/wp-json\/wp\/v2\/product_cat?post=1587"},{"taxonomy":"product_tag","embeddable":true,"href":"https:\/\/rayt.com\/fr\/wp-json\/wp\/v2\/product_tag?post=1587"}],"curies":[{"name":"wp","href":"https:\/\/api.w.org\/{rel}","templated":true}]}}