{"id":1597,"date":"2020-10-21T07:42:19","date_gmt":"2020-11-25T10:05:26","guid":{"rendered":"http:\/\/rayt.com\/?post_type=product&#038;p=1597"},"modified":"2021-02-25T09:08:17","modified_gmt":"2021-02-25T09:08:17","slug":"novopren-cesped-c-2299-a","status":"publish","type":"product","link":"https:\/\/rayt.com\/fr\/producto\/novopren-cesped-c-2299-a\/","title":{"rendered":"Novopren C\u00e9sped C-2299-A"},"content":{"rendered":"<p>Adh\u00e9sif de contact \u00e0 base de caoutchouc synth\u00e9tique sp\u00e9cial pour pelouse artificielle.<br \/>\nCet adh\u00e9sif est particuli\u00e8rement recommand\u00e9 pour la pose de grandes surfaces de rev\u00eatements ext\u00e9rieurs tels que les terrasses, les zones en plein air, les abords de piscine, etc.<\/p>\n<h4>CARACT\u00c9RISTIQUES<\/h4>\n<p>Inflammable.<br \/>\nConsommation par c\u00f4t\u00e9 : 300-350 g\/m2.<br \/>\nApplication : rouleau &#8211; spatule dent\u00e9e.<\/p>\n","protected":false},"excerpt":{"rendered":"<p>Adh\u00e9sif de contact \u00e0 base de caoutchouc synth\u00e9tique sp\u00e9cial pour<\/p>\n","protected":false},"featured_media":1592,"comment_status":"open","ping_status":"closed","template":"","meta":{"_acf_changed":false},"product_cat":[388,317,395],"product_tag":[],"acf":[],"_links":{"self":[{"href":"https:\/\/rayt.com\/fr\/wp-json\/wp\/v2\/product\/1597"}],"collection":[{"href":"https:\/\/rayt.com\/fr\/wp-json\/wp\/v2\/product"}],"about":[{"href":"https:\/\/rayt.com\/fr\/wp-json\/wp\/v2\/types\/product"}],"replies":[{"embeddable":true,"href":"https:\/\/rayt.com\/fr\/wp-json\/wp\/v2\/comments?post=1597"}],"wp:featuredmedia":[{"embeddable":true,"href":"https:\/\/rayt.com\/fr\/wp-json\/wp\/v2\/media\/1592"}],"wp:attachment":[{"href":"https:\/\/rayt.com\/fr\/wp-json\/wp\/v2\/media?parent=1597"}],"wp:term":[{"taxonomy":"product_cat","embeddable":true,"href":"https:\/\/rayt.com\/fr\/wp-json\/wp\/v2\/product_cat?post=1597"},{"taxonomy":"product_tag","embeddable":true,"href":"https:\/\/rayt.com\/fr\/wp-json\/wp\/v2\/product_tag?post=1597"}],"curies":[{"name":"wp","href":"https:\/\/api.w.org\/{rel}","templated":true}]}}