{"id":1606,"date":"2020-10-27T13:40:17","date_gmt":"2020-11-25T10:14:41","guid":{"rendered":"http:\/\/rayt.com\/?post_type=product&#038;p=1606"},"modified":"2020-11-25T10:14:41","modified_gmt":"2020-11-25T10:14:41","slug":"novopren-c-245","status":"publish","type":"product","link":"https:\/\/rayt.com\/fr\/producto\/novopren-c-245\/","title":{"rendered":"Novopren C-245"},"content":{"rendered":"<p>Adh\u00e9sif-mastic \u00e0 base de polychloropr\u00e8ne et de r\u00e9sines, sp\u00e9cialement formul\u00e9 pour la fixation de chevilles m\u00e9talliques pendant les op\u00e9rations de pose de planchers sur\u00e9lev\u00e9s.<\/p>\n<h4>CARACT\u00c9RISTIQUES<\/h4>\n<p>S\u00e9chage rapide.<br \/>\nConsommation : environ 100 g par cheville.<\/p>\n","protected":false},"excerpt":{"rendered":"<p>Adh\u00e9sif-mastic \u00e0 base de polychloropr\u00e8ne et de r\u00e9sines, sp\u00e9cialement formul\u00e9<\/p>\n","protected":false},"featured_media":1601,"comment_status":"open","ping_status":"closed","template":"","meta":{"_acf_changed":false},"product_cat":[398,317],"product_tag":[],"acf":[],"_links":{"self":[{"href":"https:\/\/rayt.com\/fr\/wp-json\/wp\/v2\/product\/1606"}],"collection":[{"href":"https:\/\/rayt.com\/fr\/wp-json\/wp\/v2\/product"}],"about":[{"href":"https:\/\/rayt.com\/fr\/wp-json\/wp\/v2\/types\/product"}],"replies":[{"embeddable":true,"href":"https:\/\/rayt.com\/fr\/wp-json\/wp\/v2\/comments?post=1606"}],"wp:featuredmedia":[{"embeddable":true,"href":"https:\/\/rayt.com\/fr\/wp-json\/wp\/v2\/media\/1601"}],"wp:attachment":[{"href":"https:\/\/rayt.com\/fr\/wp-json\/wp\/v2\/media?parent=1606"}],"wp:term":[{"taxonomy":"product_cat","embeddable":true,"href":"https:\/\/rayt.com\/fr\/wp-json\/wp\/v2\/product_cat?post=1606"},{"taxonomy":"product_tag","embeddable":true,"href":"https:\/\/rayt.com\/fr\/wp-json\/wp\/v2\/product_tag?post=1606"}],"curies":[{"name":"wp","href":"https:\/\/api.w.org\/{rel}","templated":true}]}}