{"id":1619,"date":"2020-10-19T08:26:02","date_gmt":"2020-11-25T10:37:30","guid":{"rendered":"http:\/\/rayt.com\/?post_type=product&#038;p=1619"},"modified":"2021-02-25T08:59:43","modified_gmt":"2021-02-25T08:59:43","slug":"botellin-cola-blanca-super-fuerte","status":"publish","type":"product","link":"https:\/\/rayt.com\/fr\/producto\/botellin-cola-blanca-super-fuerte\/","title":{"rendered":"Botell\u00edn Cola Blanca S\u00faper Fuerte"},"content":{"rendered":"<p>Colle blanche rapide pour l\u2019encollage bois\/bois lors de la pose de parquet flottant dans des endroits o\u00f9 la r\u00e9sistance \u00e0 l\u2019humidit\u00e9 n\u2019est pas requise.<\/p>\n<h4>CARACT\u00c9RISTIQUES<\/h4>\n<p>Application par l\u2019embout de l\u2019emballage.<\/p>\n","protected":false},"excerpt":{"rendered":"<p>Colle blanche rapide pour l\u2019encollage bois\/bois lors de la pose<\/p>\n","protected":false},"featured_media":0,"comment_status":"open","ping_status":"closed","template":"","meta":{"_acf_changed":false},"product_cat":[401,317],"product_tag":[],"acf":[],"_links":{"self":[{"href":"https:\/\/rayt.com\/fr\/wp-json\/wp\/v2\/product\/1619"}],"collection":[{"href":"https:\/\/rayt.com\/fr\/wp-json\/wp\/v2\/product"}],"about":[{"href":"https:\/\/rayt.com\/fr\/wp-json\/wp\/v2\/types\/product"}],"replies":[{"embeddable":true,"href":"https:\/\/rayt.com\/fr\/wp-json\/wp\/v2\/comments?post=1619"}],"wp:attachment":[{"href":"https:\/\/rayt.com\/fr\/wp-json\/wp\/v2\/media?parent=1619"}],"wp:term":[{"taxonomy":"product_cat","embeddable":true,"href":"https:\/\/rayt.com\/fr\/wp-json\/wp\/v2\/product_cat?post=1619"},{"taxonomy":"product_tag","embeddable":true,"href":"https:\/\/rayt.com\/fr\/wp-json\/wp\/v2\/product_tag?post=1619"}],"curies":[{"name":"wp","href":"https:\/\/api.w.org\/{rel}","templated":true}]}}