{"id":1629,"date":"2020-10-22T06:51:41","date_gmt":"2020-11-25T10:58:57","guid":{"rendered":"http:\/\/rayt.com\/?post_type=product&#038;p=1629"},"modified":"2020-11-25T10:58:57","modified_gmt":"2020-11-25T10:58:57","slug":"u-1000","status":"publish","type":"product","link":"https:\/\/rayt.com\/fr\/producto\/u-1000\/","title":{"rendered":"U-1000"},"content":{"rendered":"<p>Dispersant d\u2019appr\u00eat adh\u00e9sif \u00e0 base aqueuse \u00e0 appliquer avant la pose de carreaux textiles autocollants. Emp\u00eache le mouvement lat\u00e9ral des carreaux tout en permettant de les retirer facilement. Indiqu\u00e9 \u00e0 la fois pour supports absorbants et non absorbants.<\/p>\n<h4>CARACT\u00c9RISTIQUES<\/h4>\n<p>Usage en int\u00e9rieur.<br \/>\nCompatible avec notre appr\u00eat C-1346-A.<br \/>\nPose une fois sec au toucher.<br \/>\nConsommation : 60 \u2013 70 g\/m2.<br \/>\nApplication : Rouleau \u00e0 poil court ou en mousse.<\/p>\n","protected":false},"excerpt":{"rendered":"<p>Dispersant d\u2019appr\u00eat adh\u00e9sif \u00e0 base aqueuse \u00e0 appliquer avant la<\/p>\n","protected":false},"featured_media":1626,"comment_status":"open","ping_status":"closed","template":"","meta":{"_acf_changed":false},"product_cat":[404,407,317],"product_tag":[],"acf":[],"_links":{"self":[{"href":"https:\/\/rayt.com\/fr\/wp-json\/wp\/v2\/product\/1629"}],"collection":[{"href":"https:\/\/rayt.com\/fr\/wp-json\/wp\/v2\/product"}],"about":[{"href":"https:\/\/rayt.com\/fr\/wp-json\/wp\/v2\/types\/product"}],"replies":[{"embeddable":true,"href":"https:\/\/rayt.com\/fr\/wp-json\/wp\/v2\/comments?post=1629"}],"wp:featuredmedia":[{"embeddable":true,"href":"https:\/\/rayt.com\/fr\/wp-json\/wp\/v2\/media\/1626"}],"wp:attachment":[{"href":"https:\/\/rayt.com\/fr\/wp-json\/wp\/v2\/media?parent=1629"}],"wp:term":[{"taxonomy":"product_cat","embeddable":true,"href":"https:\/\/rayt.com\/fr\/wp-json\/wp\/v2\/product_cat?post=1629"},{"taxonomy":"product_tag","embeddable":true,"href":"https:\/\/rayt.com\/fr\/wp-json\/wp\/v2\/product_tag?post=1629"}],"curies":[{"name":"wp","href":"https:\/\/api.w.org\/{rel}","templated":true}]}}