{"id":1637,"date":"2020-10-22T06:56:45","date_gmt":"2020-11-25T11:09:10","guid":{"rendered":"http:\/\/rayt.com\/?post_type=product&#038;p=1637"},"modified":"2020-11-25T11:09:10","modified_gmt":"2020-11-25T11:09:10","slug":"r-2000","status":"publish","type":"product","link":"https:\/\/rayt.com\/fr\/producto\/r-2000\/","title":{"rendered":"R-2000"},"content":{"rendered":"<p>Fixateur antid\u00e9rapant en dispersion aqueuse, sans solvants. D\u2019un grammage minimal, il permet d\u2019obtenir un effet antid\u00e9rapant permanent et une grande adh\u00e9rence en \u00e9vitant le d\u00e9placement lat\u00e9ral des carreaux.<br \/>\nProduit sp\u00e9cialement con\u00e7u pour la pose de rev\u00eatements de sol l\u00e9gers, par exemple des carreaux textiles avec une face arri\u00e8re non tiss\u00e9e, des carreaux en vinyle, ou avec un support en combinaison avec des fibres de verre ou des lames assurant une stabilit\u00e9 dimensionnelle adapt\u00e9e pour le poser sur un syst\u00e8me autoportant. Indiqu\u00e9 \u00e0 la fois pour supports absorbants et non absorbants.<\/p>\n<h4>CARACT\u00c9RISTIQUES<\/h4>\n<p>Usage en int\u00e9rieur.<br \/>\nPose une fois sec au toucher.<br \/>\nConsommation : 60 \u2013 70 g\/m2<br \/>\nApplication : Rouleau \u00e0 poil court ou en mousse.<\/p>\n","protected":false},"excerpt":{"rendered":"<p>Fixateur antid\u00e9rapant en dispersion aqueuse, sans solvants. D\u2019un grammage minimal,<\/p>\n","protected":false},"featured_media":1633,"comment_status":"open","ping_status":"closed","template":"","meta":{"_acf_changed":false},"product_cat":[404,407,317],"product_tag":[],"acf":[],"_links":{"self":[{"href":"https:\/\/rayt.com\/fr\/wp-json\/wp\/v2\/product\/1637"}],"collection":[{"href":"https:\/\/rayt.com\/fr\/wp-json\/wp\/v2\/product"}],"about":[{"href":"https:\/\/rayt.com\/fr\/wp-json\/wp\/v2\/types\/product"}],"replies":[{"embeddable":true,"href":"https:\/\/rayt.com\/fr\/wp-json\/wp\/v2\/comments?post=1637"}],"wp:featuredmedia":[{"embeddable":true,"href":"https:\/\/rayt.com\/fr\/wp-json\/wp\/v2\/media\/1633"}],"wp:attachment":[{"href":"https:\/\/rayt.com\/fr\/wp-json\/wp\/v2\/media?parent=1637"}],"wp:term":[{"taxonomy":"product_cat","embeddable":true,"href":"https:\/\/rayt.com\/fr\/wp-json\/wp\/v2\/product_cat?post=1637"},{"taxonomy":"product_tag","embeddable":true,"href":"https:\/\/rayt.com\/fr\/wp-json\/wp\/v2\/product_tag?post=1637"}],"curies":[{"name":"wp","href":"https:\/\/api.w.org\/{rel}","templated":true}]}}