{"id":1642,"date":"2020-11-12T11:06:07","date_gmt":"2020-11-25T11:18:56","guid":{"rendered":"http:\/\/rayt.com\/?post_type=product&#038;p=1642"},"modified":"2020-11-25T11:18:56","modified_gmt":"2020-11-25T11:18:56","slug":"sella-fix-pavimentos-laminados","status":"publish","type":"product","link":"https:\/\/rayt.com\/fr\/producto\/sella-fix-pavimentos-laminados\/","title":{"rendered":"Sella-Fix Pavimentos laminados"},"content":{"rendered":"<p>Produit d\u2019\u00e9tanch\u00e9it\u00e9 liquide pour les sols stratifi\u00e9s et les parquets flottants<br \/>\nBloque le passage de liquide entre les joints des lames.<br \/>\nCompatible avec la majorit\u00e9 des syst\u00e8mes click.<\/p>\n<h4>CARACT\u00c9RISTIQUES<\/h4>\n<p>Facile \u00e0 appliquer.<br \/>\nS\u00e9chage rapide.<br \/>\nUne fois sec, le produit en exc\u00e8s peut \u00eatre facilement retir\u00e9.<br \/>\nNe tache pas.<\/p>\n<p>&nbsp;<\/p>\n","protected":false},"excerpt":{"rendered":"<p>Produit d\u2019\u00e9tanch\u00e9it\u00e9 liquide pour les sols stratifi\u00e9s et les parquets<\/p>\n","protected":false},"featured_media":5723,"comment_status":"open","ping_status":"closed","template":"","meta":{"_acf_changed":false},"product_cat":[413,410,317],"product_tag":[],"acf":[],"_links":{"self":[{"href":"https:\/\/rayt.com\/fr\/wp-json\/wp\/v2\/product\/1642"}],"collection":[{"href":"https:\/\/rayt.com\/fr\/wp-json\/wp\/v2\/product"}],"about":[{"href":"https:\/\/rayt.com\/fr\/wp-json\/wp\/v2\/types\/product"}],"replies":[{"embeddable":true,"href":"https:\/\/rayt.com\/fr\/wp-json\/wp\/v2\/comments?post=1642"}],"wp:featuredmedia":[{"embeddable":true,"href":"https:\/\/rayt.com\/fr\/wp-json\/wp\/v2\/media\/5723"}],"wp:attachment":[{"href":"https:\/\/rayt.com\/fr\/wp-json\/wp\/v2\/media?parent=1642"}],"wp:term":[{"taxonomy":"product_cat","embeddable":true,"href":"https:\/\/rayt.com\/fr\/wp-json\/wp\/v2\/product_cat?post=1642"},{"taxonomy":"product_tag","embeddable":true,"href":"https:\/\/rayt.com\/fr\/wp-json\/wp\/v2\/product_tag?post=1642"}],"curies":[{"name":"wp","href":"https:\/\/api.w.org\/{rel}","templated":true}]}}