{"id":1661,"date":"2020-10-23T09:04:34","date_gmt":"2020-11-25T11:46:13","guid":{"rendered":"http:\/\/rayt.com\/?post_type=product&#038;p=1661"},"modified":"2021-02-24T08:53:00","modified_gmt":"2021-02-24T08:53:00","slug":"sella-fix-rodapies","status":"publish","type":"product","link":"https:\/\/rayt.com\/fr\/producto\/sella-fix-rodapies\/","title":{"rendered":"Sella-Fix Rodapi\u00e9s"},"content":{"rendered":"<p>Colle en base aqueuse pour l\u2019encollage de plinthes stratifi\u00e9es en bois. Permet \u00e9galement de fixer et de remplir les joints (de la plinthe et du mur, et joint de p\u00e9rim\u00e8tre entre la plinthe et le stratifi\u00e9). Convient \u00e9galement pour d\u2019autres mat\u00e9riaux tels que le polystyr\u00e8ne expans\u00e9 ou extrud\u00e9 sur des carreaux ou des panneaux isolants classiques pour la construction, et pour les corniches d\u00e9coratives.<\/p>\n<h4>CARACT\u00c9RISTIQUES<\/h4>\n<p>Rendement : Encollage par cordons de 5 mm de diam\u00e8tre, 15 m\u00e8tres par cartouche. Encollage par points ou spatule : de 300 \u00e0 1000 g\/m2.<br \/>\nSans solvants.<br \/>\nInodore.<br \/>\nPour usage int\u00e9rieur.<br \/>\nPeignable.<br \/>\nPr\u00eat \u00e0 l\u2019emploi.<br \/>\nApplication avec pistolet.<\/p>\n","protected":false},"excerpt":{"rendered":"<p>Colle en base aqueuse pour l\u2019encollage de plinthes stratifi\u00e9es en<\/p>\n","protected":false},"featured_media":1656,"comment_status":"open","ping_status":"closed","template":"","meta":{"_acf_changed":false},"product_cat":[416,410,317],"product_tag":[],"acf":[],"_links":{"self":[{"href":"https:\/\/rayt.com\/fr\/wp-json\/wp\/v2\/product\/1661"}],"collection":[{"href":"https:\/\/rayt.com\/fr\/wp-json\/wp\/v2\/product"}],"about":[{"href":"https:\/\/rayt.com\/fr\/wp-json\/wp\/v2\/types\/product"}],"replies":[{"embeddable":true,"href":"https:\/\/rayt.com\/fr\/wp-json\/wp\/v2\/comments?post=1661"}],"wp:featuredmedia":[{"embeddable":true,"href":"https:\/\/rayt.com\/fr\/wp-json\/wp\/v2\/media\/1656"}],"wp:attachment":[{"href":"https:\/\/rayt.com\/fr\/wp-json\/wp\/v2\/media?parent=1661"}],"wp:term":[{"taxonomy":"product_cat","embeddable":true,"href":"https:\/\/rayt.com\/fr\/wp-json\/wp\/v2\/product_cat?post=1661"},{"taxonomy":"product_tag","embeddable":true,"href":"https:\/\/rayt.com\/fr\/wp-json\/wp\/v2\/product_tag?post=1661"}],"curies":[{"name":"wp","href":"https:\/\/api.w.org\/{rel}","templated":true}]}}