{"id":1671,"date":"2020-10-22T07:48:38","date_gmt":"2020-11-25T11:58:21","guid":{"rendered":"http:\/\/rayt.com\/?post_type=product&#038;p=1671"},"modified":"2021-02-24T11:17:15","modified_gmt":"2021-02-24T11:17:15","slug":"novosil-int-ext-pintable","status":"publish","type":"product","link":"https:\/\/rayt.com\/fr\/producto\/novosil-int-ext-pintable\/","title":{"rendered":"Novosil Int-Ext Pintable"},"content":{"rendered":"<p>Mastic \u00e0 base de silicone \u00e0 appliquer sur les joints int\u00e9rieurs des fen\u00eatres et des portes pr\u00e9sentant un certain jeu (jusqu\u2019\u00e0 20 %). Convient \u00e9galement pour le bois, la c\u00e9ramique, le placopl\u00e2tre, etc., et pour la fixation de bo\u00eetiers et de conteneurs. Application avec pistolet.<\/p>\n<h4>CARACT\u00c9RISTIQUES<\/h4>\n<p>Contient un agent fongicide.<br \/>\nUsage en int\u00e9rieur et ext\u00e9rieur.<br \/>\nR\u00e9sistant \u00e0 l\u2019humidit\u00e9.<br \/>\nSans solvants.<br \/>\nPeignable pour une meilleure finition.<br \/>\nApplication : avec pistolet de type silicone.<\/p>\n","protected":false},"excerpt":{"rendered":"<p>Mastic \u00e0 base de silicone \u00e0 appliquer sur les joints<\/p>\n","protected":false},"featured_media":1666,"comment_status":"open","ping_status":"closed","template":"","meta":{"_acf_changed":false},"product_cat":[416,410,317],"product_tag":[],"acf":[],"_links":{"self":[{"href":"https:\/\/rayt.com\/fr\/wp-json\/wp\/v2\/product\/1671"}],"collection":[{"href":"https:\/\/rayt.com\/fr\/wp-json\/wp\/v2\/product"}],"about":[{"href":"https:\/\/rayt.com\/fr\/wp-json\/wp\/v2\/types\/product"}],"replies":[{"embeddable":true,"href":"https:\/\/rayt.com\/fr\/wp-json\/wp\/v2\/comments?post=1671"}],"wp:featuredmedia":[{"embeddable":true,"href":"https:\/\/rayt.com\/fr\/wp-json\/wp\/v2\/media\/1666"}],"wp:attachment":[{"href":"https:\/\/rayt.com\/fr\/wp-json\/wp\/v2\/media?parent=1671"}],"wp:term":[{"taxonomy":"product_cat","embeddable":true,"href":"https:\/\/rayt.com\/fr\/wp-json\/wp\/v2\/product_cat?post=1671"},{"taxonomy":"product_tag","embeddable":true,"href":"https:\/\/rayt.com\/fr\/wp-json\/wp\/v2\/product_tag?post=1671"}],"curies":[{"name":"wp","href":"https:\/\/api.w.org\/{rel}","templated":true}]}}