{"id":1678,"date":"2020-11-12T10:40:30","date_gmt":"2020-11-26T08:46:48","guid":{"rendered":"http:\/\/rayt.com\/?post_type=product&#038;p=1678"},"modified":"2020-11-26T08:46:48","modified_gmt":"2020-11-26T08:46:48","slug":"peinture-acrylique-pour-sol","status":"publish","type":"product","link":"https:\/\/rayt.com\/fr\/producto\/peinture-acrylique-pour-sol\/","title":{"rendered":"Peinture acrylique pour sol"},"content":{"rendered":"<p>Peinture acrylique en dispersion aqueuse, pour peindre les sols en ma\u00e7onnerie, b\u00e9ton et pierre devant \u00eatre emprunt\u00e9s en chaussures souples. Le produit offre d\u2019excellentes propri\u00e9t\u00e9s de r\u00e9sistance \u00e0 l\u2019abrasion, aux intemp\u00e9ries et aux agents atmosph\u00e9riques.<\/p>\n<h4>CARACT\u00c9RISTIQUES<\/h4>\n<p>Application : pinceau, rouleau, pistolet a\u00e9rographe\/airless.<br \/>\nFinition : mate.<br \/>\nS\u00e9chage : au toucher, 30\/60 minutes<br \/>\nDeuxi\u00e8me couche : au moins 6 heures.<br \/>\nDilution : entre 5 et 25 % d\u2019eau.<\/p>\n","protected":false},"excerpt":{"rendered":"<p>Peinture acrylique en dispersion aqueuse, pour peindre les sols en<\/p>\n","protected":false},"featured_media":0,"comment_status":"open","ping_status":"closed","template":"","meta":{"_acf_changed":false},"product_cat":[419,317],"product_tag":[],"acf":[],"_links":{"self":[{"href":"https:\/\/rayt.com\/fr\/wp-json\/wp\/v2\/product\/1678"}],"collection":[{"href":"https:\/\/rayt.com\/fr\/wp-json\/wp\/v2\/product"}],"about":[{"href":"https:\/\/rayt.com\/fr\/wp-json\/wp\/v2\/types\/product"}],"replies":[{"embeddable":true,"href":"https:\/\/rayt.com\/fr\/wp-json\/wp\/v2\/comments?post=1678"}],"wp:attachment":[{"href":"https:\/\/rayt.com\/fr\/wp-json\/wp\/v2\/media?parent=1678"}],"wp:term":[{"taxonomy":"product_cat","embeddable":true,"href":"https:\/\/rayt.com\/fr\/wp-json\/wp\/v2\/product_cat?post=1678"},{"taxonomy":"product_tag","embeddable":true,"href":"https:\/\/rayt.com\/fr\/wp-json\/wp\/v2\/product_tag?post=1678"}],"curies":[{"name":"wp","href":"https:\/\/api.w.org\/{rel}","templated":true}]}}