{"id":1681,"date":"2020-10-22T08:37:17","date_gmt":"2020-11-26T08:57:09","guid":{"rendered":"http:\/\/rayt.com\/?post_type=product&#038;p=1681"},"modified":"2021-02-24T08:57:09","modified_gmt":"2021-02-24T08:57:09","slug":"novosil-sellador","status":"publish","type":"product","link":"https:\/\/rayt.com\/fr\/producto\/novosil-sellador\/","title":{"rendered":"Novosil Sellador"},"content":{"rendered":"<p>Produit d\u2019\u00e9tanch\u00e9it\u00e9 pour bois \u00e0 base aqueuse, facile \u00e0 appliquer, lavable \u00e0 l\u2019eau, pour la fixation de joints de plinthes, de plinthes stratifi\u00e9es et de pi\u00e8ces en bois sur du pl\u00e2tre, du placopl\u00e2tre, de la brique, de la c\u00e9ramique et du PVC.<\/p>\n<h4>CARACT\u00c9RISTIQUES<\/h4>\n<p>Usage en int\u00e9rieur et ext\u00e9rieur.<br \/>\nSans solvants.<br \/>\nPr\u00eat \u00e0 l\u2019emploi.<br \/>\nPeignable.<br \/>\nApplication : avec pistolet de type silicone.<\/p>\n","protected":false},"excerpt":{"rendered":"<p>Produit d\u2019\u00e9tanch\u00e9it\u00e9 pour bois \u00e0 base aqueuse, facile \u00e0 appliquer,<\/p>\n","protected":false},"featured_media":0,"comment_status":"open","ping_status":"closed","template":"","meta":{"_acf_changed":false},"product_cat":[416,410,317],"product_tag":[],"acf":[],"_links":{"self":[{"href":"https:\/\/rayt.com\/fr\/wp-json\/wp\/v2\/product\/1681"}],"collection":[{"href":"https:\/\/rayt.com\/fr\/wp-json\/wp\/v2\/product"}],"about":[{"href":"https:\/\/rayt.com\/fr\/wp-json\/wp\/v2\/types\/product"}],"replies":[{"embeddable":true,"href":"https:\/\/rayt.com\/fr\/wp-json\/wp\/v2\/comments?post=1681"}],"wp:attachment":[{"href":"https:\/\/rayt.com\/fr\/wp-json\/wp\/v2\/media?parent=1681"}],"wp:term":[{"taxonomy":"product_cat","embeddable":true,"href":"https:\/\/rayt.com\/fr\/wp-json\/wp\/v2\/product_cat?post=1681"},{"taxonomy":"product_tag","embeddable":true,"href":"https:\/\/rayt.com\/fr\/wp-json\/wp\/v2\/product_tag?post=1681"}],"curies":[{"name":"wp","href":"https:\/\/api.w.org\/{rel}","templated":true}]}}