{"id":1691,"date":"2020-10-21T10:09:28","date_gmt":"2020-11-26T09:06:52","guid":{"rendered":"http:\/\/rayt.com\/?post_type=product&#038;p=1691"},"modified":"2021-02-24T10:44:47","modified_gmt":"2021-02-24T10:44:47","slug":"eliminacola","status":"publish","type":"product","link":"https:\/\/rayt.com\/fr\/producto\/eliminacola\/","title":{"rendered":"Eliminacola"},"content":{"rendered":"<p>Produit pour l\u2019\u00e9limination de r\u00e9sidus de colle acrylique (de type C-10 ou C-15), tant sur de vieux sols \u00e0 r\u00e9nover que sur des r\u00e9sidus tomb\u00e9s accidentellement sur des sols r\u00e9cemment pos\u00e9s.<br \/>\nLe produit permet \u00e9galement de retirer des fixateurs de carreaux autoportants (de type U-1000 ou R-2000).<br \/>\nMais il est peu indiqu\u00e9 pour les colles PU ou de contact \u00e0 base de n\u00e9opr\u00e8ne.<br \/>\nAppliquer le produit sur la colle s\u00e8che, attendre environ 10 \u00e0 20 minutes qu\u2019elle ramollisse et la retirez d\u00e9licatement \u00e0 l\u2019aide d\u2019une spatule.<br \/>\nDans le cas de nouveaux rev\u00eatements, effectuez un test pr\u00e9alable sur une petite surface pour s\u2019assurer que le produit ne les attaque pas.<\/p>\n","protected":false},"excerpt":{"rendered":"<p>Produit pour l\u2019\u00e9limination de r\u00e9sidus de colle acrylique (de type<\/p>\n","protected":false},"featured_media":1686,"comment_status":"open","ping_status":"closed","template":"","meta":{"_acf_changed":false},"product_cat":[422,317],"product_tag":[],"acf":[],"_links":{"self":[{"href":"https:\/\/rayt.com\/fr\/wp-json\/wp\/v2\/product\/1691"}],"collection":[{"href":"https:\/\/rayt.com\/fr\/wp-json\/wp\/v2\/product"}],"about":[{"href":"https:\/\/rayt.com\/fr\/wp-json\/wp\/v2\/types\/product"}],"replies":[{"embeddable":true,"href":"https:\/\/rayt.com\/fr\/wp-json\/wp\/v2\/comments?post=1691"}],"wp:featuredmedia":[{"embeddable":true,"href":"https:\/\/rayt.com\/fr\/wp-json\/wp\/v2\/media\/1686"}],"wp:attachment":[{"href":"https:\/\/rayt.com\/fr\/wp-json\/wp\/v2\/media?parent=1691"}],"wp:term":[{"taxonomy":"product_cat","embeddable":true,"href":"https:\/\/rayt.com\/fr\/wp-json\/wp\/v2\/product_cat?post=1691"},{"taxonomy":"product_tag","embeddable":true,"href":"https:\/\/rayt.com\/fr\/wp-json\/wp\/v2\/product_tag?post=1691"}],"curies":[{"name":"wp","href":"https:\/\/api.w.org\/{rel}","templated":true}]}}