{"id":1701,"date":"2020-11-12T10:29:45","date_gmt":"2020-11-26T09:17:07","guid":{"rendered":"http:\/\/rayt.com\/?post_type=product&#038;p=1701"},"modified":"2020-11-26T09:17:07","modified_gmt":"2020-11-26T09:17:07","slug":"rz-refresher","status":"publish","type":"product","link":"https:\/\/rayt.com\/fr\/producto\/rz-refresher\/","title":{"rendered":"RZ Refresher"},"content":{"rendered":"<p>Produit bi-composant \u00e0 prise rapide pour la retouche de rayures l\u00e9g\u00e8res et des signes d\u2019usure du PVC. N\u2019affecte pas la brillance du rev\u00eatement.<\/p>\n<h4>CARACT\u00c9RISTIQUES<\/h4>\n<p>Produit non standard, fourni sur demande. D\u00e9lai estim\u00e9 15 jours.<\/p>\n","protected":false},"excerpt":{"rendered":"<p>Produit bi-composant \u00e0 prise rapide pour la retouche de rayures<\/p>\n","protected":false},"featured_media":1696,"comment_status":"open","ping_status":"closed","template":"","meta":{"_acf_changed":false},"product_cat":[422,317],"product_tag":[],"acf":[],"_links":{"self":[{"href":"https:\/\/rayt.com\/fr\/wp-json\/wp\/v2\/product\/1701"}],"collection":[{"href":"https:\/\/rayt.com\/fr\/wp-json\/wp\/v2\/product"}],"about":[{"href":"https:\/\/rayt.com\/fr\/wp-json\/wp\/v2\/types\/product"}],"replies":[{"embeddable":true,"href":"https:\/\/rayt.com\/fr\/wp-json\/wp\/v2\/comments?post=1701"}],"wp:featuredmedia":[{"embeddable":true,"href":"https:\/\/rayt.com\/fr\/wp-json\/wp\/v2\/media\/1696"}],"wp:attachment":[{"href":"https:\/\/rayt.com\/fr\/wp-json\/wp\/v2\/media?parent=1701"}],"wp:term":[{"taxonomy":"product_cat","embeddable":true,"href":"https:\/\/rayt.com\/fr\/wp-json\/wp\/v2\/product_cat?post=1701"},{"taxonomy":"product_tag","embeddable":true,"href":"https:\/\/rayt.com\/fr\/wp-json\/wp\/v2\/product_tag?post=1701"}],"curies":[{"name":"wp","href":"https:\/\/api.w.org\/{rel}","templated":true}]}}