{"id":1731,"date":"2020-10-19T08:00:44","date_gmt":"2020-11-27T08:59:29","guid":{"rendered":"http:\/\/rayt.com\/?post_type=product&#038;p=1731"},"modified":"2021-02-25T08:43:13","modified_gmt":"2021-02-25T08:43:13","slug":"cola-blanca-standard-multiuso","status":"publish","type":"product","link":"https:\/\/rayt.com\/fr\/producto\/cola-blanca-standard-multiuso\/","title":{"rendered":"Cola Blanca Standard Multiuso"},"content":{"rendered":"<p>Adh\u00e9sif multi-usages pour l\u2019encollage bois-bois, bois-stratifi\u00e9 plastique, papier, carton, c\u00e9ramique, sur tout type de mat\u00e9riaux poreux.<\/p>\n","protected":false},"excerpt":{"rendered":"<p>Adh\u00e9sif multi-usages pour l\u2019encollage bois-bois, bois-stratifi\u00e9 plastique, papier, carton, c\u00e9ramique,<\/p>\n","protected":false},"featured_media":2828,"comment_status":"open","ping_status":"closed","template":"","meta":{"_acf_changed":false},"product_cat":[431,437],"product_tag":[],"acf":[],"_links":{"self":[{"href":"https:\/\/rayt.com\/fr\/wp-json\/wp\/v2\/product\/1731"}],"collection":[{"href":"https:\/\/rayt.com\/fr\/wp-json\/wp\/v2\/product"}],"about":[{"href":"https:\/\/rayt.com\/fr\/wp-json\/wp\/v2\/types\/product"}],"replies":[{"embeddable":true,"href":"https:\/\/rayt.com\/fr\/wp-json\/wp\/v2\/comments?post=1731"}],"wp:featuredmedia":[{"embeddable":true,"href":"https:\/\/rayt.com\/fr\/wp-json\/wp\/v2\/media\/2828"}],"wp:attachment":[{"href":"https:\/\/rayt.com\/fr\/wp-json\/wp\/v2\/media?parent=1731"}],"wp:term":[{"taxonomy":"product_cat","embeddable":true,"href":"https:\/\/rayt.com\/fr\/wp-json\/wp\/v2\/product_cat?post=1731"},{"taxonomy":"product_tag","embeddable":true,"href":"https:\/\/rayt.com\/fr\/wp-json\/wp\/v2\/product_tag?post=1731"}],"curies":[{"name":"wp","href":"https:\/\/api.w.org\/{rel}","templated":true}]}}