{"id":1736,"date":"2020-10-07T10:57:31","date_gmt":"2020-11-27T09:44:16","guid":{"rendered":"http:\/\/rayt.com\/?post_type=product&#038;p=1736"},"modified":"2021-01-25T07:45:43","modified_gmt":"2021-01-25T07:45:43","slug":"botellin-cola-blanca-multiuso","status":"publish","type":"product","link":"https:\/\/rayt.com\/fr\/producto\/botellin-cola-blanca-multiuso\/","title":{"rendered":"Botell\u00edn Cola Blanca Multiuso"},"content":{"rendered":"<p>Adh\u00e9sif multi-usages pour l\u2019encollage bois-bois, bois-stratifi\u00e9 plastique, papier, carton, c\u00e9ramique, sur tout type de mat\u00e9riaux poreux.<\/p>\n","protected":false},"excerpt":{"rendered":"<p>Adh\u00e9sif multi-usages pour l\u2019encollage bois-bois, bois-stratifi\u00e9 plastique, papier, carton, c\u00e9ramique,<\/p>\n","protected":false},"featured_media":5349,"comment_status":"open","ping_status":"closed","template":"","meta":{"_acf_changed":false},"product_cat":[431,437],"product_tag":[],"acf":[],"_links":{"self":[{"href":"https:\/\/rayt.com\/fr\/wp-json\/wp\/v2\/product\/1736"}],"collection":[{"href":"https:\/\/rayt.com\/fr\/wp-json\/wp\/v2\/product"}],"about":[{"href":"https:\/\/rayt.com\/fr\/wp-json\/wp\/v2\/types\/product"}],"replies":[{"embeddable":true,"href":"https:\/\/rayt.com\/fr\/wp-json\/wp\/v2\/comments?post=1736"}],"wp:featuredmedia":[{"embeddable":true,"href":"https:\/\/rayt.com\/fr\/wp-json\/wp\/v2\/media\/5349"}],"wp:attachment":[{"href":"https:\/\/rayt.com\/fr\/wp-json\/wp\/v2\/media?parent=1736"}],"wp:term":[{"taxonomy":"product_cat","embeddable":true,"href":"https:\/\/rayt.com\/fr\/wp-json\/wp\/v2\/product_cat?post=1736"},{"taxonomy":"product_tag","embeddable":true,"href":"https:\/\/rayt.com\/fr\/wp-json\/wp\/v2\/product_tag?post=1736"}],"curies":[{"name":"wp","href":"https:\/\/api.w.org\/{rel}","templated":true}]}}