{"id":1761,"date":"2020-10-20T07:20:00","date_gmt":"2020-12-10T09:59:26","guid":{"rendered":"http:\/\/rayt.com\/?post_type=product&#038;p=1761"},"modified":"2021-02-24T11:12:14","modified_gmt":"2021-02-24T11:12:14","slug":"novopren-bricolaje","status":"publish","type":"product","link":"https:\/\/rayt.com\/fr\/producto\/novopren-bricolaje\/","title":{"rendered":"Novopren Bricolaje"},"content":{"rendered":"<p>Colle de contact d\u2019une grande qualit\u00e9 et tr\u00e8s polyvalente pour le travail sur du bois, les stratifi\u00e9s plastiques, pour la maroquinerie et le bricolage en g\u00e9n\u00e9ral.<\/p>\n","protected":false},"excerpt":{"rendered":"<p>Colle de contact d\u2019une grande qualit\u00e9 et tr\u00e8s polyvalente pour<\/p>\n","protected":false},"featured_media":5522,"comment_status":"open","ping_status":"closed","template":"","meta":{"_acf_changed":false},"product_cat":[434,437],"product_tag":[],"acf":[],"_links":{"self":[{"href":"https:\/\/rayt.com\/fr\/wp-json\/wp\/v2\/product\/1761"}],"collection":[{"href":"https:\/\/rayt.com\/fr\/wp-json\/wp\/v2\/product"}],"about":[{"href":"https:\/\/rayt.com\/fr\/wp-json\/wp\/v2\/types\/product"}],"replies":[{"embeddable":true,"href":"https:\/\/rayt.com\/fr\/wp-json\/wp\/v2\/comments?post=1761"}],"wp:featuredmedia":[{"embeddable":true,"href":"https:\/\/rayt.com\/fr\/wp-json\/wp\/v2\/media\/5522"}],"wp:attachment":[{"href":"https:\/\/rayt.com\/fr\/wp-json\/wp\/v2\/media?parent=1761"}],"wp:term":[{"taxonomy":"product_cat","embeddable":true,"href":"https:\/\/rayt.com\/fr\/wp-json\/wp\/v2\/product_cat?post=1761"},{"taxonomy":"product_tag","embeddable":true,"href":"https:\/\/rayt.com\/fr\/wp-json\/wp\/v2\/product_tag?post=1761"}],"curies":[{"name":"wp","href":"https:\/\/api.w.org\/{rel}","templated":true}]}}