{"id":1777,"date":"2020-10-21T08:39:54","date_gmt":"2020-11-30T10:06:32","guid":{"rendered":"http:\/\/rayt.com\/?post_type=product&#038;p=1777"},"modified":"2022-09-23T12:40:43","modified_gmt":"2022-09-23T12:40:43","slug":"blumerox-rojo-04","status":"publish","type":"product","link":"https:\/\/rayt.com\/fr\/producto\/blumerox-rojo-04\/","title":{"rendered":"Blumerox Rojo 04"},"content":{"rendered":"<p>Pigment colorant en poudre pour ciment (blanc ou gris), chaux, pl\u00e2tre et b\u00e9tons, et pour les mat\u00e9riaux de construction.<br \/>\nPeut \u00eatre appliqu\u00e9 sur fa\u00e7ades, tuiles en b\u00e9ton, pav\u00e9s, briques, joints, rebords, etc.<br \/>\n* La couleur bleue ne peut pas \u00eatre m\u00e9lang\u00e9e avec de la chaux ou du pl\u00e2tre.<\/p>\n","protected":false},"excerpt":{"rendered":"<p>Pigment colorant en poudre pour ciment (blanc ou gris), chaux,<\/p>\n","protected":false},"featured_media":0,"comment_status":"open","ping_status":"closed","template":"","meta":{"_acf_changed":false},"product_cat":[437,452],"product_tag":[],"acf":[],"_links":{"self":[{"href":"https:\/\/rayt.com\/fr\/wp-json\/wp\/v2\/product\/1777"}],"collection":[{"href":"https:\/\/rayt.com\/fr\/wp-json\/wp\/v2\/product"}],"about":[{"href":"https:\/\/rayt.com\/fr\/wp-json\/wp\/v2\/types\/product"}],"replies":[{"embeddable":true,"href":"https:\/\/rayt.com\/fr\/wp-json\/wp\/v2\/comments?post=1777"}],"wp:attachment":[{"href":"https:\/\/rayt.com\/fr\/wp-json\/wp\/v2\/media?parent=1777"}],"wp:term":[{"taxonomy":"product_cat","embeddable":true,"href":"https:\/\/rayt.com\/fr\/wp-json\/wp\/v2\/product_cat?post=1777"},{"taxonomy":"product_tag","embeddable":true,"href":"https:\/\/rayt.com\/fr\/wp-json\/wp\/v2\/product_tag?post=1777"}],"curies":[{"name":"wp","href":"https:\/\/api.w.org\/{rel}","templated":true}]}}