{"id":1845,"date":"2020-10-23T07:35:15","date_gmt":"2020-11-30T11:26:42","guid":{"rendered":"http:\/\/rayt.com\/?post_type=product&#038;p=1845"},"modified":"2021-02-22T10:33:12","modified_gmt":"2021-02-22T10:33:12","slug":"adexol-cubremanchas-spray","status":"publish","type":"product","link":"https:\/\/rayt.com\/fr\/producto\/adexol-cubremanchas-spray\/","title":{"rendered":"Adexol Cubremanchas Spray"},"content":{"rendered":"<p>Peinture anti-taches en spray pour une finition blanche mate, qui \u00e9vite de repeindre ult\u00e9rieurement sur des murs blancs.<\/p>\n<p>Recouvre et traite les taches difficiles (graisse, encre, fum\u00e9e, moisissures, etc.) sur les murs et plafonds, en \u00e9vitant leur r\u00e9apparition.<\/p>\n","protected":false},"excerpt":{"rendered":"<p>Peinture anti-taches en spray pour une finition blanche mate, qui<\/p>\n","protected":false},"featured_media":0,"comment_status":"open","ping_status":"closed","template":"","meta":{"_acf_changed":false},"product_cat":[461,437,455],"product_tag":[],"acf":[],"_links":{"self":[{"href":"https:\/\/rayt.com\/fr\/wp-json\/wp\/v2\/product\/1845"}],"collection":[{"href":"https:\/\/rayt.com\/fr\/wp-json\/wp\/v2\/product"}],"about":[{"href":"https:\/\/rayt.com\/fr\/wp-json\/wp\/v2\/types\/product"}],"replies":[{"embeddable":true,"href":"https:\/\/rayt.com\/fr\/wp-json\/wp\/v2\/comments?post=1845"}],"wp:attachment":[{"href":"https:\/\/rayt.com\/fr\/wp-json\/wp\/v2\/media?parent=1845"}],"wp:term":[{"taxonomy":"product_cat","embeddable":true,"href":"https:\/\/rayt.com\/fr\/wp-json\/wp\/v2\/product_cat?post=1845"},{"taxonomy":"product_tag","embeddable":true,"href":"https:\/\/rayt.com\/fr\/wp-json\/wp\/v2\/product_tag?post=1845"}],"curies":[{"name":"wp","href":"https:\/\/api.w.org\/{rel}","templated":true}]}}