{"id":1868,"date":"2020-10-21T08:15:16","date_gmt":"2020-11-30T12:06:46","guid":{"rendered":"http:\/\/rayt.com\/?post_type=product&#038;p=1868"},"modified":"2021-02-01T14:06:55","modified_gmt":"2021-02-01T14:06:55","slug":"blumeplast-latex-plastico-denso-m-20","status":"publish","type":"product","link":"https:\/\/rayt.com\/fr\/producto\/blumeplast-latex-plastico-denso-m-20\/","title":{"rendered":"Blumeplast l\u00e1tex pl\u00e1stico denso M-20"},"content":{"rendered":"<p>Latex plastique dense pour fixer des surfaces en pl\u00e2tre, ciment, stuc, bois ou c\u00e9ramique, et pour les travaux pratiques.<br \/>\nPeut \u00e9galement \u00eatre utilis\u00e9 pour enrichir les peintures car il en am\u00e9liore la fixation et la r\u00e9sistance au lavage, ou pour les renforcer.<\/p>\n","protected":false},"excerpt":{"rendered":"<p>Latex plastique dense pour fixer des surfaces en pl\u00e2tre, ciment,<\/p>\n","protected":false},"featured_media":1864,"comment_status":"open","ping_status":"closed","template":"","meta":{"_acf_changed":false},"product_cat":[437,1083],"product_tag":[],"acf":[],"_links":{"self":[{"href":"https:\/\/rayt.com\/fr\/wp-json\/wp\/v2\/product\/1868"}],"collection":[{"href":"https:\/\/rayt.com\/fr\/wp-json\/wp\/v2\/product"}],"about":[{"href":"https:\/\/rayt.com\/fr\/wp-json\/wp\/v2\/types\/product"}],"replies":[{"embeddable":true,"href":"https:\/\/rayt.com\/fr\/wp-json\/wp\/v2\/comments?post=1868"}],"wp:featuredmedia":[{"embeddable":true,"href":"https:\/\/rayt.com\/fr\/wp-json\/wp\/v2\/media\/1864"}],"wp:attachment":[{"href":"https:\/\/rayt.com\/fr\/wp-json\/wp\/v2\/media?parent=1868"}],"wp:term":[{"taxonomy":"product_cat","embeddable":true,"href":"https:\/\/rayt.com\/fr\/wp-json\/wp\/v2\/product_cat?post=1868"},{"taxonomy":"product_tag","embeddable":true,"href":"https:\/\/rayt.com\/fr\/wp-json\/wp\/v2\/product_tag?post=1868"}],"curies":[{"name":"wp","href":"https:\/\/api.w.org\/{rel}","templated":true}]}}