{"id":1913,"date":"2020-10-21T09:10:45","date_gmt":"2020-12-01T07:38:05","guid":{"rendered":"http:\/\/rayt.com\/?post_type=product&#038;p=1913"},"modified":"2021-02-22T10:24:08","modified_gmt":"2021-02-22T10:24:08","slug":"conrayt-olimpic","status":"publish","type":"product","link":"https:\/\/rayt.com\/fr\/producto\/conrayt-olimpic\/","title":{"rendered":"Conrayt Olimpic"},"content":{"rendered":"<p>Peinture plastique \u00e0 rendement \u00e9lev\u00e9, d\u2019une grande blancheur et avec un grand pouvoir couvrant.<br \/>\nFinition mate.<\/p>\n","protected":false},"excerpt":{"rendered":"<p>Peinture plastique \u00e0 rendement \u00e9lev\u00e9, d\u2019une grande blancheur et avec<\/p>\n","protected":false},"featured_media":2333,"comment_status":"open","ping_status":"closed","template":"","meta":{"_acf_changed":false},"product_cat":[437,455,458],"product_tag":[],"acf":[],"_links":{"self":[{"href":"https:\/\/rayt.com\/fr\/wp-json\/wp\/v2\/product\/1913"}],"collection":[{"href":"https:\/\/rayt.com\/fr\/wp-json\/wp\/v2\/product"}],"about":[{"href":"https:\/\/rayt.com\/fr\/wp-json\/wp\/v2\/types\/product"}],"replies":[{"embeddable":true,"href":"https:\/\/rayt.com\/fr\/wp-json\/wp\/v2\/comments?post=1913"}],"wp:featuredmedia":[{"embeddable":true,"href":"https:\/\/rayt.com\/fr\/wp-json\/wp\/v2\/media\/2333"}],"wp:attachment":[{"href":"https:\/\/rayt.com\/fr\/wp-json\/wp\/v2\/media?parent=1913"}],"wp:term":[{"taxonomy":"product_cat","embeddable":true,"href":"https:\/\/rayt.com\/fr\/wp-json\/wp\/v2\/product_cat?post=1913"},{"taxonomy":"product_tag","embeddable":true,"href":"https:\/\/rayt.com\/fr\/wp-json\/wp\/v2\/product_tag?post=1913"}],"curies":[{"name":"wp","href":"https:\/\/api.w.org\/{rel}","templated":true}]}}