{"id":1917,"date":"2020-10-21T09:17:42","date_gmt":"2020-12-01T07:55:20","guid":{"rendered":"http:\/\/rayt.com\/?post_type=product&#038;p=1917"},"modified":"2021-02-22T10:26:14","modified_gmt":"2021-02-22T10:26:14","slug":"conrayt-i-100-acrilica","status":"publish","type":"product","link":"https:\/\/rayt.com\/fr\/producto\/conrayt-i-100-acrilica\/","title":{"rendered":"Conrayt I-100 Acr\u00edlica"},"content":{"rendered":"<p>Peinture plastique \u00e0 rendement \u00e9lev\u00e9, d\u2019une grande blancheur et avec un grand pouvoir couvrant.<br \/>\nFinition mate.<\/p>\n","protected":false},"excerpt":{"rendered":"<p>Peinture plastique \u00e0 rendement \u00e9lev\u00e9, d\u2019une grande blancheur et avec<\/p>\n","protected":false},"featured_media":5381,"comment_status":"open","ping_status":"closed","template":"","meta":{"_acf_changed":false},"product_cat":[437,455,458],"product_tag":[],"acf":[],"_links":{"self":[{"href":"https:\/\/rayt.com\/fr\/wp-json\/wp\/v2\/product\/1917"}],"collection":[{"href":"https:\/\/rayt.com\/fr\/wp-json\/wp\/v2\/product"}],"about":[{"href":"https:\/\/rayt.com\/fr\/wp-json\/wp\/v2\/types\/product"}],"replies":[{"embeddable":true,"href":"https:\/\/rayt.com\/fr\/wp-json\/wp\/v2\/comments?post=1917"}],"wp:featuredmedia":[{"embeddable":true,"href":"https:\/\/rayt.com\/fr\/wp-json\/wp\/v2\/media\/5381"}],"wp:attachment":[{"href":"https:\/\/rayt.com\/fr\/wp-json\/wp\/v2\/media?parent=1917"}],"wp:term":[{"taxonomy":"product_cat","embeddable":true,"href":"https:\/\/rayt.com\/fr\/wp-json\/wp\/v2\/product_cat?post=1917"},{"taxonomy":"product_tag","embeddable":true,"href":"https:\/\/rayt.com\/fr\/wp-json\/wp\/v2\/product_tag?post=1917"}],"curies":[{"name":"wp","href":"https:\/\/api.w.org\/{rel}","templated":true}]}}