{"id":1921,"date":"2020-10-21T09:23:22","date_gmt":"2020-12-01T08:10:11","guid":{"rendered":"http:\/\/rayt.com\/?post_type=product&#038;p=1921"},"modified":"2021-02-22T10:28:43","modified_gmt":"2021-02-22T10:28:43","slug":"conrayt-p-1000-mate","status":"publish","type":"product","link":"https:\/\/rayt.com\/fr\/producto\/conrayt-p-1000-mate\/","title":{"rendered":"Conrayt P-1000 Mate"},"content":{"rendered":"<p>Peinture plastique pour int\u00e9rieur et ext\u00e9rieur, \u00e0 rendement \u00e9lev\u00e9, d\u2019une grande blancheur et avec un grand pouvoir couvrant.<br \/>\nGrande r\u00e9sistance au lavage.<br \/>\nFinition mate.<br \/>\nDiluable dans l\u2019eau jusqu\u2019\u00e0 5 \u00e0 10 % maximum.<\/p>\n","protected":false},"excerpt":{"rendered":"<p>Peinture plastique pour int\u00e9rieur et ext\u00e9rieur, \u00e0 rendement \u00e9lev\u00e9, d\u2019une<\/p>\n","protected":false},"featured_media":5389,"comment_status":"open","ping_status":"closed","template":"","meta":{"_acf_changed":false},"product_cat":[437,455,458],"product_tag":[],"acf":[],"_links":{"self":[{"href":"https:\/\/rayt.com\/fr\/wp-json\/wp\/v2\/product\/1921"}],"collection":[{"href":"https:\/\/rayt.com\/fr\/wp-json\/wp\/v2\/product"}],"about":[{"href":"https:\/\/rayt.com\/fr\/wp-json\/wp\/v2\/types\/product"}],"replies":[{"embeddable":true,"href":"https:\/\/rayt.com\/fr\/wp-json\/wp\/v2\/comments?post=1921"}],"wp:featuredmedia":[{"embeddable":true,"href":"https:\/\/rayt.com\/fr\/wp-json\/wp\/v2\/media\/5389"}],"wp:attachment":[{"href":"https:\/\/rayt.com\/fr\/wp-json\/wp\/v2\/media?parent=1921"}],"wp:term":[{"taxonomy":"product_cat","embeddable":true,"href":"https:\/\/rayt.com\/fr\/wp-json\/wp\/v2\/product_cat?post=1921"},{"taxonomy":"product_tag","embeddable":true,"href":"https:\/\/rayt.com\/fr\/wp-json\/wp\/v2\/product_tag?post=1921"}],"curies":[{"name":"wp","href":"https:\/\/api.w.org\/{rel}","templated":true}]}}