{"id":1933,"date":"2020-12-01T08:30:06","date_gmt":"2020-12-01T08:36:21","guid":{"rendered":"http:\/\/rayt.com\/?post_type=product&#038;p=1933"},"modified":"2020-12-01T08:36:21","modified_gmt":"2020-12-01T08:36:21","slug":"adexplast-777-blanco-mate","status":"publish","type":"product","link":"https:\/\/rayt.com\/fr\/producto\/adexplast-777-blanco-mate\/","title":{"rendered":"Adexplast 777 Blanco Mate"},"content":{"rendered":"<p>Peinture \u00e9lastique pour usage en int\u00e9rieur et ext\u00e9rieur, au rendement \u00e9lev\u00e9 et d\u2019un grand pouvoir couvrant pour tout type de surfaces de ma\u00e7onnerie : b\u00e9ton, mortier, pierre naturelle, stucs, pl\u00e2tres, etc. Finition mate. Diluable dans l\u2019eau jusqu\u2019\u00e0 5 \u00e0 10 % maximum.<\/p>\n","protected":false},"excerpt":{"rendered":"<p>Peinture \u00e9lastique pour usage en int\u00e9rieur et ext\u00e9rieur, au rendement<\/p>\n","protected":false},"featured_media":8686,"comment_status":"open","ping_status":"closed","template":"","meta":{"_acf_changed":false},"product_cat":[437,455,458],"product_tag":[],"acf":[],"_links":{"self":[{"href":"https:\/\/rayt.com\/fr\/wp-json\/wp\/v2\/product\/1933"}],"collection":[{"href":"https:\/\/rayt.com\/fr\/wp-json\/wp\/v2\/product"}],"about":[{"href":"https:\/\/rayt.com\/fr\/wp-json\/wp\/v2\/types\/product"}],"replies":[{"embeddable":true,"href":"https:\/\/rayt.com\/fr\/wp-json\/wp\/v2\/comments?post=1933"}],"wp:featuredmedia":[{"embeddable":true,"href":"https:\/\/rayt.com\/fr\/wp-json\/wp\/v2\/media\/8686"}],"wp:attachment":[{"href":"https:\/\/rayt.com\/fr\/wp-json\/wp\/v2\/media?parent=1933"}],"wp:term":[{"taxonomy":"product_cat","embeddable":true,"href":"https:\/\/rayt.com\/fr\/wp-json\/wp\/v2\/product_cat?post=1933"},{"taxonomy":"product_tag","embeddable":true,"href":"https:\/\/rayt.com\/fr\/wp-json\/wp\/v2\/product_tag?post=1933"}],"curies":[{"name":"wp","href":"https:\/\/api.w.org\/{rel}","templated":true}]}}