{"id":1938,"date":"2020-12-01T08:40:08","date_gmt":"2020-12-01T08:46:37","guid":{"rendered":"http:\/\/rayt.com\/?post_type=product&#038;p=1938"},"modified":"2020-12-01T08:46:37","modified_gmt":"2020-12-01T08:46:37","slug":"petraplastin","status":"publish","type":"product","link":"https:\/\/rayt.com\/fr\/producto\/petraplastin\/","title":{"rendered":"Petraplastin"},"content":{"rendered":"<p>Rev\u00eatement lisse sp\u00e9cial pour fa\u00e7ades. Ce rev\u00eatement combine les propri\u00e9t\u00e9s techniques d&rsquo;une peinture plastique avec les avantages d&rsquo;un rev\u00eatement de grande qualit\u00e9, puisqu&rsquo;il assure une protection \u00e9lev\u00e9e en isolant contre humidit\u00e9 ext\u00e9rieure et en permettant la transpiration de la vapeur d&rsquo;eau de l&rsquo;int\u00e9rieur, en \u00e9vitant ainsi de s&rsquo;\u00e9cailler et l\u2019apparition de taches. Couleur blanc mate.<\/p>\n","protected":false},"excerpt":{"rendered":"<p>Rev\u00eatement lisse sp\u00e9cial pour fa\u00e7ades. Ce rev\u00eatement combine les propri\u00e9t\u00e9s<\/p>\n","protected":false},"featured_media":8673,"comment_status":"open","ping_status":"closed","template":"","meta":{"_acf_changed":false},"product_cat":[437,455,458],"product_tag":[],"acf":[],"_links":{"self":[{"href":"https:\/\/rayt.com\/fr\/wp-json\/wp\/v2\/product\/1938"}],"collection":[{"href":"https:\/\/rayt.com\/fr\/wp-json\/wp\/v2\/product"}],"about":[{"href":"https:\/\/rayt.com\/fr\/wp-json\/wp\/v2\/types\/product"}],"replies":[{"embeddable":true,"href":"https:\/\/rayt.com\/fr\/wp-json\/wp\/v2\/comments?post=1938"}],"wp:featuredmedia":[{"embeddable":true,"href":"https:\/\/rayt.com\/fr\/wp-json\/wp\/v2\/media\/8673"}],"wp:attachment":[{"href":"https:\/\/rayt.com\/fr\/wp-json\/wp\/v2\/media?parent=1938"}],"wp:term":[{"taxonomy":"product_cat","embeddable":true,"href":"https:\/\/rayt.com\/fr\/wp-json\/wp\/v2\/product_cat?post=1938"},{"taxonomy":"product_tag","embeddable":true,"href":"https:\/\/rayt.com\/fr\/wp-json\/wp\/v2\/product_tag?post=1938"}],"curies":[{"name":"wp","href":"https:\/\/api.w.org\/{rel}","templated":true}]}}