{"id":1961,"date":"2020-12-01T09:08:17","date_gmt":"2020-12-01T09:15:19","guid":{"rendered":"http:\/\/rayt.com\/?post_type=product&#038;p=1961"},"modified":"2021-02-24T10:44:25","modified_gmt":"2021-02-24T10:44:25","slug":"eliminacola-2","status":"publish","type":"product","link":"https:\/\/rayt.com\/fr\/producto\/eliminacola-2\/","title":{"rendered":"Eliminacola"},"content":{"rendered":"<p>Produit permettant d\u2019\u00e9liminer les colles et les restes d\u2019adh\u00e9sifs acryliques frais ou secs.<br \/>\nPeut \u00e9galement \u00eatre appliqu\u00e9 sur des rev\u00eatements poreux comme des textiles et des moquettes, pour pouvoir les d\u00e9coller plus facilement.<br \/>\nNe convient pas \u00e0 la colle de caoutchouc.<\/p>\n","protected":false},"excerpt":{"rendered":"<p>Produit permettant d\u2019\u00e9liminer les colles et les restes d\u2019adh\u00e9sifs acryliques<\/p>\n","protected":false},"featured_media":5417,"comment_status":"open","ping_status":"closed","template":"","meta":{"_acf_changed":false},"product_cat":[593,437],"product_tag":[],"acf":[],"_links":{"self":[{"href":"https:\/\/rayt.com\/fr\/wp-json\/wp\/v2\/product\/1961"}],"collection":[{"href":"https:\/\/rayt.com\/fr\/wp-json\/wp\/v2\/product"}],"about":[{"href":"https:\/\/rayt.com\/fr\/wp-json\/wp\/v2\/types\/product"}],"replies":[{"embeddable":true,"href":"https:\/\/rayt.com\/fr\/wp-json\/wp\/v2\/comments?post=1961"}],"wp:featuredmedia":[{"embeddable":true,"href":"https:\/\/rayt.com\/fr\/wp-json\/wp\/v2\/media\/5417"}],"wp:attachment":[{"href":"https:\/\/rayt.com\/fr\/wp-json\/wp\/v2\/media?parent=1961"}],"wp:term":[{"taxonomy":"product_cat","embeddable":true,"href":"https:\/\/rayt.com\/fr\/wp-json\/wp\/v2\/product_cat?post=1961"},{"taxonomy":"product_tag","embeddable":true,"href":"https:\/\/rayt.com\/fr\/wp-json\/wp\/v2\/product_tag?post=1961"}],"curies":[{"name":"wp","href":"https:\/\/api.w.org\/{rel}","templated":true}]}}