{"id":1978,"date":"2020-12-01T09:34:43","date_gmt":"2020-12-01T09:52:48","guid":{"rendered":"http:\/\/rayt.com\/?post_type=product&#038;p=1978"},"modified":"2021-02-24T08:30:42","modified_gmt":"2021-02-24T08:30:42","slug":"blumecril-suelos-y-paredes-c-1346-a-2","status":"publish","type":"product","link":"https:\/\/rayt.com\/fr\/producto\/blumecril-suelos-y-paredes-c-1346-a-2\/","title":{"rendered":"Blumecril suelos y paredes C-1346-A"},"content":{"rendered":"<p>Appr\u00eat \/ pont d&rsquo;union \u00e0 appliquer avant l\u2019enduit de ragr\u00e9age, sur des surfaces absorbantes ou non telles que la c\u00e9ramique, la pierre, le granite ou le b\u00e9ton. Renforce les bases et les murs anciens ou fragilis\u00e9s, avant l&rsquo;application de l&rsquo;adh\u00e9sif.<\/p>\n","protected":false},"excerpt":{"rendered":"<p>Appr\u00eat \/ pont d&rsquo;union \u00e0 appliquer avant l\u2019enduit de ragr\u00e9age,<\/p>\n","protected":false},"featured_media":5305,"comment_status":"open","ping_status":"closed","template":"","meta":{"_acf_changed":false},"product_cat":[593,437],"product_tag":[],"acf":[],"_links":{"self":[{"href":"https:\/\/rayt.com\/fr\/wp-json\/wp\/v2\/product\/1978"}],"collection":[{"href":"https:\/\/rayt.com\/fr\/wp-json\/wp\/v2\/product"}],"about":[{"href":"https:\/\/rayt.com\/fr\/wp-json\/wp\/v2\/types\/product"}],"replies":[{"embeddable":true,"href":"https:\/\/rayt.com\/fr\/wp-json\/wp\/v2\/comments?post=1978"}],"wp:featuredmedia":[{"embeddable":true,"href":"https:\/\/rayt.com\/fr\/wp-json\/wp\/v2\/media\/5305"}],"wp:attachment":[{"href":"https:\/\/rayt.com\/fr\/wp-json\/wp\/v2\/media?parent=1978"}],"wp:term":[{"taxonomy":"product_cat","embeddable":true,"href":"https:\/\/rayt.com\/fr\/wp-json\/wp\/v2\/product_cat?post=1978"},{"taxonomy":"product_tag","embeddable":true,"href":"https:\/\/rayt.com\/fr\/wp-json\/wp\/v2\/product_tag?post=1978"}],"curies":[{"name":"wp","href":"https:\/\/api.w.org\/{rel}","templated":true}]}}