{"id":1992,"date":"2020-10-21T10:42:16","date_gmt":"2020-12-01T10:10:28","guid":{"rendered":"http:\/\/rayt.com\/?post_type=product&#038;p=1992"},"modified":"2020-12-01T10:16:42","modified_gmt":"2020-12-01T10:16:42","slug":"pasta-niveladora-lista-al-uso","status":"publish","type":"product","link":"https:\/\/rayt.com\/fr\/producto\/pasta-niveladora-lista-al-uso\/","title":{"rendered":"Pasta niveladora lista al uso"},"content":{"rendered":"<p>Enduit de ragr\u00e9age pr\u00eat \u00e0 l&#8217;emploi, non auto-nivelant, pour \u00e9galiser de petites in\u00e9galit\u00e9s, des irr\u00e9gularit\u00e9s et des joints de surfaces en c\u00e9ramique, en gr\u00e8s ou en granite, et pour niveler des chapes en ciment et en b\u00e9ton avant la pose de rev\u00eatements de sol l\u00e9gers en textile ou en vinyle. \u00c9paisseur de l\u2019enduit : de 0,5 \u00e0 1 mm, pouvant atteindre 2 mm avec une deuxi\u00e8me application.<\/p>\n","protected":false},"excerpt":{"rendered":"<p>Enduit de ragr\u00e9age pr\u00eat \u00e0 l&#8217;emploi, non auto-nivelant, pour \u00e9galiser<\/p>\n","protected":false},"featured_media":1983,"comment_status":"open","ping_status":"closed","template":"","meta":{"_acf_changed":false},"product_cat":[437,464,596],"product_tag":[],"acf":[],"_links":{"self":[{"href":"https:\/\/rayt.com\/fr\/wp-json\/wp\/v2\/product\/1992"}],"collection":[{"href":"https:\/\/rayt.com\/fr\/wp-json\/wp\/v2\/product"}],"about":[{"href":"https:\/\/rayt.com\/fr\/wp-json\/wp\/v2\/types\/product"}],"replies":[{"embeddable":true,"href":"https:\/\/rayt.com\/fr\/wp-json\/wp\/v2\/comments?post=1992"}],"wp:featuredmedia":[{"embeddable":true,"href":"https:\/\/rayt.com\/fr\/wp-json\/wp\/v2\/media\/1983"}],"wp:attachment":[{"href":"https:\/\/rayt.com\/fr\/wp-json\/wp\/v2\/media?parent=1992"}],"wp:term":[{"taxonomy":"product_cat","embeddable":true,"href":"https:\/\/rayt.com\/fr\/wp-json\/wp\/v2\/product_cat?post=1992"},{"taxonomy":"product_tag","embeddable":true,"href":"https:\/\/rayt.com\/fr\/wp-json\/wp\/v2\/product_tag?post=1992"}],"curies":[{"name":"wp","href":"https:\/\/api.w.org\/{rel}","templated":true}]}}