{"id":2016,"date":"2020-10-21T10:36:45","date_gmt":"2020-12-01T10:30:02","guid":{"rendered":"http:\/\/rayt.com\/?post_type=product&#038;p=2016"},"modified":"2021-05-25T11:54:19","modified_gmt":"2021-05-25T11:54:19","slug":"nc-182","status":"publish","type":"product","link":"https:\/\/rayt.com\/fr\/producto\/nc-182\/","title":{"rendered":"UZIN NC 182"},"content":{"rendered":"<p>Enduit de ragr\u00e9age sp\u00e9cial pour la r\u00e9paration de murs \u00e9caill\u00e9s. Sans limite d\u2019\u00e9paisseur. Convient pour des applications \u00e0 la verticale car il ne s&rsquo;affaisse pas, pour des syst\u00e8mes de chauffage radiant et pour des surfaces avec un passage important de personnes et de fauteuils roulants, conform\u00e9ment \u00e0 la norme DIN EN 12 529, pour toute \u00e9paisseur \u00e0 partir de 1 mm.<\/p>\n","protected":false},"excerpt":{"rendered":"<p>Enduit de ragr\u00e9age sp\u00e9cial pour la r\u00e9paration de murs \u00e9caill\u00e9s.<\/p>\n","protected":false},"featured_media":5506,"comment_status":"open","ping_status":"closed","template":"","meta":{"_acf_changed":false},"product_cat":[437,467,464],"product_tag":[],"acf":[],"_links":{"self":[{"href":"https:\/\/rayt.com\/fr\/wp-json\/wp\/v2\/product\/2016"}],"collection":[{"href":"https:\/\/rayt.com\/fr\/wp-json\/wp\/v2\/product"}],"about":[{"href":"https:\/\/rayt.com\/fr\/wp-json\/wp\/v2\/types\/product"}],"replies":[{"embeddable":true,"href":"https:\/\/rayt.com\/fr\/wp-json\/wp\/v2\/comments?post=2016"}],"wp:featuredmedia":[{"embeddable":true,"href":"https:\/\/rayt.com\/fr\/wp-json\/wp\/v2\/media\/5506"}],"wp:attachment":[{"href":"https:\/\/rayt.com\/fr\/wp-json\/wp\/v2\/media?parent=2016"}],"wp:term":[{"taxonomy":"product_cat","embeddable":true,"href":"https:\/\/rayt.com\/fr\/wp-json\/wp\/v2\/product_cat?post=2016"},{"taxonomy":"product_tag","embeddable":true,"href":"https:\/\/rayt.com\/fr\/wp-json\/wp\/v2\/product_tag?post=2016"}],"curies":[{"name":"wp","href":"https:\/\/api.w.org\/{rel}","templated":true}]}}