{"id":2037,"date":"2020-10-21T10:21:58","date_gmt":"2020-12-01T10:58:05","guid":{"rendered":"http:\/\/rayt.com\/?post_type=product&#038;p=2037"},"modified":"2020-12-01T10:58:05","modified_gmt":"2020-12-01T10:58:05","slug":"nc-170-levelstar-p4","status":"publish","type":"product","link":"https:\/\/rayt.com\/fr\/producto\/nc-170-levelstar-p4\/","title":{"rendered":"NC-170 Levelstar P4"},"content":{"rendered":"<p>Enduit de ragr\u00e9age en poudre \u00e0 base de ciment. \u00c9paisseur maximale : 50 mm. \u00c0 partir de 30 mm, ajouter 30 % de sable de quartz d\u2019une granulom\u00e9trie de 0,3 \u00e0 0,8 mm. \u00c0 partir d\u2019une \u00e9paisseur de p\u00e2te de 1 mm, le produit r\u00e9siste au passage d\u2019\u00e9l\u00e9ments roulants, de fauteuils roulants et de brancards.<\/p>\n","protected":false},"excerpt":{"rendered":"<p>Enduit de ragr\u00e9age en poudre \u00e0 base de ciment. \u00c9paisseur<\/p>\n","protected":false},"featured_media":2033,"comment_status":"open","ping_status":"closed","template":"","meta":{"_acf_changed":false},"product_cat":[437,467,464],"product_tag":[],"acf":[],"_links":{"self":[{"href":"https:\/\/rayt.com\/fr\/wp-json\/wp\/v2\/product\/2037"}],"collection":[{"href":"https:\/\/rayt.com\/fr\/wp-json\/wp\/v2\/product"}],"about":[{"href":"https:\/\/rayt.com\/fr\/wp-json\/wp\/v2\/types\/product"}],"replies":[{"embeddable":true,"href":"https:\/\/rayt.com\/fr\/wp-json\/wp\/v2\/comments?post=2037"}],"wp:featuredmedia":[{"embeddable":true,"href":"https:\/\/rayt.com\/fr\/wp-json\/wp\/v2\/media\/2033"}],"wp:attachment":[{"href":"https:\/\/rayt.com\/fr\/wp-json\/wp\/v2\/media?parent=2037"}],"wp:term":[{"taxonomy":"product_cat","embeddable":true,"href":"https:\/\/rayt.com\/fr\/wp-json\/wp\/v2\/product_cat?post=2037"},{"taxonomy":"product_tag","embeddable":true,"href":"https:\/\/rayt.com\/fr\/wp-json\/wp\/v2\/product_tag?post=2037"}],"curies":[{"name":"wp","href":"https:\/\/api.w.org\/{rel}","templated":true}]}}