{"id":2064,"date":"2020-10-22T07:31:52","date_gmt":"2020-12-01T11:29:56","guid":{"rendered":"http:\/\/rayt.com\/?post_type=product&#038;p=2064"},"modified":"2021-02-24T11:11:54","modified_gmt":"2021-02-24T11:11:54","slug":"blumestukko-masilla-en-pasta","status":"publish","type":"product","link":"https:\/\/rayt.com\/fr\/producto\/blumestukko-masilla-en-pasta\/","title":{"rendered":"Blumestukko Masilla en pasta"},"content":{"rendered":"<p>Mastic en p\u00e2te pour combler les fissures, r\u00e9parer des murs, le bois, le ciment, le pl\u00e2tre, etc, usage en int\u00e9rieur.<br \/>\nR\u00e9pare et comble tous les types de fissures et de dommages, et met \u00e0 niveau les irr\u00e9gularit\u00e9s.<\/p>\n","protected":false},"excerpt":{"rendered":"<p>Mastic en p\u00e2te pour combler les fissures, r\u00e9parer des murs,<\/p>\n","protected":false},"featured_media":2060,"comment_status":"open","ping_status":"closed","template":"","meta":{"_acf_changed":false},"product_cat":[437,482,479],"product_tag":[],"acf":[],"_links":{"self":[{"href":"https:\/\/rayt.com\/fr\/wp-json\/wp\/v2\/product\/2064"}],"collection":[{"href":"https:\/\/rayt.com\/fr\/wp-json\/wp\/v2\/product"}],"about":[{"href":"https:\/\/rayt.com\/fr\/wp-json\/wp\/v2\/types\/product"}],"replies":[{"embeddable":true,"href":"https:\/\/rayt.com\/fr\/wp-json\/wp\/v2\/comments?post=2064"}],"wp:featuredmedia":[{"embeddable":true,"href":"https:\/\/rayt.com\/fr\/wp-json\/wp\/v2\/media\/2060"}],"wp:attachment":[{"href":"https:\/\/rayt.com\/fr\/wp-json\/wp\/v2\/media?parent=2064"}],"wp:term":[{"taxonomy":"product_cat","embeddable":true,"href":"https:\/\/rayt.com\/fr\/wp-json\/wp\/v2\/product_cat?post=2064"},{"taxonomy":"product_tag","embeddable":true,"href":"https:\/\/rayt.com\/fr\/wp-json\/wp\/v2\/product_tag?post=2064"}],"curies":[{"name":"wp","href":"https:\/\/api.w.org\/{rel}","templated":true}]}}