{"id":2073,"date":"2020-12-01T11:34:44","date_gmt":"2020-12-01T11:44:50","guid":{"rendered":"http:\/\/rayt.com\/?post_type=product&#038;p=2073"},"modified":"2021-02-24T11:10:38","modified_gmt":"2021-02-24T11:10:38","slug":"blumestukko-masilla-para-madera","status":"publish","type":"product","link":"https:\/\/rayt.com\/fr\/producto\/blumestukko-masilla-para-madera\/","title":{"rendered":"Blumestukko Masilla para madera"},"content":{"rendered":"<p>Mastic pour combler les fissures, principalement pour appliquer sur le bois \u00e0 vernir, laquer ou cirer.<br \/>\nR\u00e9pare et comble tous les types de fissures et de dommages, et met \u00e0 niveau les irr\u00e9gularit\u00e9s.<\/p>\n","protected":false},"excerpt":{"rendered":"<p>Mastic pour combler les fissures, principalement pour appliquer sur le<\/p>\n","protected":false},"featured_media":8210,"comment_status":"open","ping_status":"closed","template":"","meta":{"_acf_changed":false},"product_cat":[437,479,485],"product_tag":[],"acf":[],"_links":{"self":[{"href":"https:\/\/rayt.com\/fr\/wp-json\/wp\/v2\/product\/2073"}],"collection":[{"href":"https:\/\/rayt.com\/fr\/wp-json\/wp\/v2\/product"}],"about":[{"href":"https:\/\/rayt.com\/fr\/wp-json\/wp\/v2\/types\/product"}],"replies":[{"embeddable":true,"href":"https:\/\/rayt.com\/fr\/wp-json\/wp\/v2\/comments?post=2073"}],"wp:featuredmedia":[{"embeddable":true,"href":"https:\/\/rayt.com\/fr\/wp-json\/wp\/v2\/media\/8210"}],"wp:attachment":[{"href":"https:\/\/rayt.com\/fr\/wp-json\/wp\/v2\/media?parent=2073"}],"wp:term":[{"taxonomy":"product_cat","embeddable":true,"href":"https:\/\/rayt.com\/fr\/wp-json\/wp\/v2\/product_cat?post=2073"},{"taxonomy":"product_tag","embeddable":true,"href":"https:\/\/rayt.com\/fr\/wp-json\/wp\/v2\/product_tag?post=2073"}],"curies":[{"name":"wp","href":"https:\/\/api.w.org\/{rel}","templated":true}]}}