{"id":2083,"date":"2020-10-22T07:41:34","date_gmt":"2020-12-01T12:01:34","guid":{"rendered":"http:\/\/rayt.com\/?post_type=product&#038;p=2083"},"modified":"2021-02-24T11:13:40","modified_gmt":"2021-02-24T11:13:40","slug":"novosil-acrilica-relleno-grietas","status":"publish","type":"product","link":"https:\/\/rayt.com\/fr\/producto\/novosil-acrilica-relleno-grietas\/","title":{"rendered":"Novosil acr\u00edlica relleno grietas"},"content":{"rendered":"<p>Mastic \u00e0 base aqueuse permettant de combler les fissures de nombreuses surfaces, en int\u00e9rieur comme en ext\u00e9rieur, et de mat\u00e9riaux poreux et non poreux : b\u00e9ton, bois, c\u00e9ramique, plaques de pl\u00e2tre, encadrements de fen\u00eatres, etc. R\u00e9pare \u00e9galement les petites fissures des murs.<\/p>\n","protected":false},"excerpt":{"rendered":"<p>Mastic \u00e0 base aqueuse permettant de combler les fissures de<\/p>\n","protected":false},"featured_media":5603,"comment_status":"open","ping_status":"closed","template":"","meta":{"_acf_changed":false},"product_cat":[437,479,488],"product_tag":[],"acf":[],"_links":{"self":[{"href":"https:\/\/rayt.com\/fr\/wp-json\/wp\/v2\/product\/2083"}],"collection":[{"href":"https:\/\/rayt.com\/fr\/wp-json\/wp\/v2\/product"}],"about":[{"href":"https:\/\/rayt.com\/fr\/wp-json\/wp\/v2\/types\/product"}],"replies":[{"embeddable":true,"href":"https:\/\/rayt.com\/fr\/wp-json\/wp\/v2\/comments?post=2083"}],"wp:featuredmedia":[{"embeddable":true,"href":"https:\/\/rayt.com\/fr\/wp-json\/wp\/v2\/media\/5603"}],"wp:attachment":[{"href":"https:\/\/rayt.com\/fr\/wp-json\/wp\/v2\/media?parent=2083"}],"wp:term":[{"taxonomy":"product_cat","embeddable":true,"href":"https:\/\/rayt.com\/fr\/wp-json\/wp\/v2\/product_cat?post=2083"},{"taxonomy":"product_tag","embeddable":true,"href":"https:\/\/rayt.com\/fr\/wp-json\/wp\/v2\/product_tag?post=2083"}],"curies":[{"name":"wp","href":"https:\/\/api.w.org\/{rel}","templated":true}]}}