{"id":2121,"date":"2020-12-02T07:29:10","date_gmt":"2020-12-02T07:37:49","guid":{"rendered":"http:\/\/rayt.com\/?post_type=product&#038;p=2121"},"modified":"2021-02-24T11:16:08","modified_gmt":"2021-02-24T11:16:08","slug":"novosil-int-ext-pintable-2","status":"publish","type":"product","link":"https:\/\/rayt.com\/fr\/producto\/novosil-int-ext-pintable-2\/","title":{"rendered":"Novosil Int-Ext Pintable"},"content":{"rendered":"<p>Mastic \u00e0 base de silicone \u00e0 appliquer sur les joints int\u00e9rieurs des fen\u00eatres et des portes pr\u00e9sentant un certain jeu (jusqu\u2019\u00e0 20 %). Convient \u00e9galement pour le bois, la c\u00e9ramique, le placopl\u00e2tre, etc., et pour la fixation de bo\u00eetiers et de conteneurs.<\/p>\n","protected":false},"excerpt":{"rendered":"<p>Mastic \u00e0 base de silicone \u00e0 appliquer sur les joints<\/p>\n","protected":false},"featured_media":5611,"comment_status":"open","ping_status":"closed","template":"","meta":{"_acf_changed":false},"product_cat":[437,479,491],"product_tag":[],"acf":[],"_links":{"self":[{"href":"https:\/\/rayt.com\/fr\/wp-json\/wp\/v2\/product\/2121"}],"collection":[{"href":"https:\/\/rayt.com\/fr\/wp-json\/wp\/v2\/product"}],"about":[{"href":"https:\/\/rayt.com\/fr\/wp-json\/wp\/v2\/types\/product"}],"replies":[{"embeddable":true,"href":"https:\/\/rayt.com\/fr\/wp-json\/wp\/v2\/comments?post=2121"}],"wp:featuredmedia":[{"embeddable":true,"href":"https:\/\/rayt.com\/fr\/wp-json\/wp\/v2\/media\/5611"}],"wp:attachment":[{"href":"https:\/\/rayt.com\/fr\/wp-json\/wp\/v2\/media?parent=2121"}],"wp:term":[{"taxonomy":"product_cat","embeddable":true,"href":"https:\/\/rayt.com\/fr\/wp-json\/wp\/v2\/product_cat?post=2121"},{"taxonomy":"product_tag","embeddable":true,"href":"https:\/\/rayt.com\/fr\/wp-json\/wp\/v2\/product_tag?post=2121"}],"curies":[{"name":"wp","href":"https:\/\/api.w.org\/{rel}","templated":true}]}}