{"id":2125,"date":"2020-10-22T07:19:13","date_gmt":"2020-12-02T07:49:41","guid":{"rendered":"http:\/\/rayt.com\/?post_type=product&#038;p=2125"},"modified":"2023-04-25T14:51:20","modified_gmt":"2023-04-25T14:51:20","slug":"espuma-de-pu-spray","status":"publish","type":"product","link":"https:\/\/rayt.com\/fr\/producto\/espuma-de-pu-spray\/","title":{"rendered":"Espuma de PU Spray"},"content":{"rendered":"<p>Mousse auto-expansible pour combler, fixer et isoler.<br \/>\nApplicable aux portes, fen\u00eatres, conduites, escaliers, aux panneaux d\u2019isolation acoustique et thermique, et pour combler des trous et des joints entre mat\u00e9riaux.<br \/>\nDe couleur verte.<\/p>\n<p>&nbsp;<\/p>\n<p><strong>Pour une utilisation s\u00fbre des mousses contenant des diisocyanates, nous proposons \u00e0 nos utilisateurs une formation \u00e0 la s\u00e9curit\u00e9, obligatoire pour les utilisateurs professionnels et industriels.<\/strong><\/p>\n<p><a class=\"fasc-button fasc-size-large fasc-type-flat fasc-style-bold\" style=\"background-color: #ff010b; color: #ffffff;\" target=\"_blank\" rel=\"noopener noreferrer\" href=\"https:\/\/isopa-aisbl.idloom.events\/048-fr\">Nous offrons une formation en ligne gratuite, ainsi qu&rsquo;un certificat de fin d&rsquo;\u00e9tudes, avec le code suivant : FEICA_21_N3<\/a><\/p>\n","protected":false},"excerpt":{"rendered":"<p>Mousse auto-expansible pour combler, fixer et isoler. Applicable aux portes,<\/p>\n","protected":false},"featured_media":0,"comment_status":"open","ping_status":"closed","template":"","meta":{"_acf_changed":false},"product_cat":[437,470,473],"product_tag":[],"acf":[],"_links":{"self":[{"href":"https:\/\/rayt.com\/fr\/wp-json\/wp\/v2\/product\/2125"}],"collection":[{"href":"https:\/\/rayt.com\/fr\/wp-json\/wp\/v2\/product"}],"about":[{"href":"https:\/\/rayt.com\/fr\/wp-json\/wp\/v2\/types\/product"}],"replies":[{"embeddable":true,"href":"https:\/\/rayt.com\/fr\/wp-json\/wp\/v2\/comments?post=2125"}],"wp:attachment":[{"href":"https:\/\/rayt.com\/fr\/wp-json\/wp\/v2\/media?parent=2125"}],"wp:term":[{"taxonomy":"product_cat","embeddable":true,"href":"https:\/\/rayt.com\/fr\/wp-json\/wp\/v2\/product_cat?post=2125"},{"taxonomy":"product_tag","embeddable":true,"href":"https:\/\/rayt.com\/fr\/wp-json\/wp\/v2\/product_tag?post=2125"}],"curies":[{"name":"wp","href":"https:\/\/api.w.org\/{rel}","templated":true}]}}