{"id":2128,"date":"2020-10-23T08:54:47","date_gmt":"2020-12-02T08:02:52","guid":{"rendered":"http:\/\/rayt.com\/?post_type=product&#038;p=2128"},"modified":"2021-02-24T11:24:19","modified_gmt":"2021-02-24T11:24:19","slug":"espuma-de-pu-spray-2","status":"publish","type":"product","link":"https:\/\/rayt.com\/fr\/producto\/espuma-de-pu-spray-2\/","title":{"rendered":"Disolvente de limpieza"},"content":{"rendered":"<p>Solvant recommand\u00e9 pour le nettoyage des restes de mousse en PU (polyur\u00e9thane) du pistolet m\u00e9tallique, \u00e0 condition que la mousser ne soit pas s\u00e9ch\u00e9e ni durcie.<br \/>\nLe produit \u00e9limine \u00e9galement la graisse, l&rsquo;huile, le goudron, la cire, les restes de colle, le pl\u00e2tre frais et les adh\u00e9sifs.<\/p>\n","protected":false},"excerpt":{"rendered":"<p>Solvant recommand\u00e9 pour le nettoyage des restes de mousse en<\/p>\n","protected":false},"featured_media":5401,"comment_status":"open","ping_status":"closed","template":"","meta":{"_acf_changed":false},"product_cat":[437,470,476],"product_tag":[],"acf":[],"_links":{"self":[{"href":"https:\/\/rayt.com\/fr\/wp-json\/wp\/v2\/product\/2128"}],"collection":[{"href":"https:\/\/rayt.com\/fr\/wp-json\/wp\/v2\/product"}],"about":[{"href":"https:\/\/rayt.com\/fr\/wp-json\/wp\/v2\/types\/product"}],"replies":[{"embeddable":true,"href":"https:\/\/rayt.com\/fr\/wp-json\/wp\/v2\/comments?post=2128"}],"wp:featuredmedia":[{"embeddable":true,"href":"https:\/\/rayt.com\/fr\/wp-json\/wp\/v2\/media\/5401"}],"wp:attachment":[{"href":"https:\/\/rayt.com\/fr\/wp-json\/wp\/v2\/media?parent=2128"}],"wp:term":[{"taxonomy":"product_cat","embeddable":true,"href":"https:\/\/rayt.com\/fr\/wp-json\/wp\/v2\/product_cat?post=2128"},{"taxonomy":"product_tag","embeddable":true,"href":"https:\/\/rayt.com\/fr\/wp-json\/wp\/v2\/product_tag?post=2128"}],"curies":[{"name":"wp","href":"https:\/\/api.w.org\/{rel}","templated":true}]}}