{"id":2135,"date":"2020-12-02T08:13:49","date_gmt":"2020-12-02T08:22:36","guid":{"rendered":"http:\/\/rayt.com\/?post_type=product&#038;p=2135"},"modified":"2023-04-25T14:59:39","modified_gmt":"2023-04-25T14:59:39","slug":"novopur-pu-50","status":"publish","type":"product","link":"https:\/\/rayt.com\/fr\/producto\/novopur-pu-50\/","title":{"rendered":"Novopur PU-50"},"content":{"rendered":"<p>Produit de colmatage pour mat\u00e9riaux industriels comme le b\u00e9ton, le bois, l\u2019aluminium, la pierre, etc. \u00c9galement pour le secteur automobile et des transports. Fixateur \u00e0 module \u00e9lev\u00e9 : le film qu\u2019il forme en s\u00e9chant est tr\u00e8s dur et r\u00e9sistant \u00e0 la compression.<\/p>\n<p>&nbsp;<\/p>\n<p><strong>Pour une utilisation s\u00fbre des mousses contenant des diisocyanates, nous proposons \u00e0 nos utilisateurs une formation \u00e0 la s\u00e9curit\u00e9, obligatoire pour les utilisateurs professionnels et industriels.<\/strong><\/p>\n<p><a class=\"fasc-button fasc-size-large fasc-type-flat fasc-style-bold\" style=\"background-color: #ff010b; color: #ffffff;\" target=\"_blank\" rel=\"noopener noreferrer\" href=\"https:\/\/isopa-aisbl.idloom.events\/048-fr\">Nous offrons une formation en ligne gratuite, ainsi qu&rsquo;un certificat de fin d&rsquo;\u00e9tudes, avec le code suivant : FEICA_21_N3<\/a><\/p>\n","protected":false},"excerpt":{"rendered":"<p>Produit de colmatage pour mat\u00e9riaux industriels comme le b\u00e9ton, le<\/p>\n","protected":false},"featured_media":5595,"comment_status":"open","ping_status":"closed","template":"","meta":{"_acf_changed":false},"product_cat":[437,494],"product_tag":[],"acf":[],"_links":{"self":[{"href":"https:\/\/rayt.com\/fr\/wp-json\/wp\/v2\/product\/2135"}],"collection":[{"href":"https:\/\/rayt.com\/fr\/wp-json\/wp\/v2\/product"}],"about":[{"href":"https:\/\/rayt.com\/fr\/wp-json\/wp\/v2\/types\/product"}],"replies":[{"embeddable":true,"href":"https:\/\/rayt.com\/fr\/wp-json\/wp\/v2\/comments?post=2135"}],"wp:featuredmedia":[{"embeddable":true,"href":"https:\/\/rayt.com\/fr\/wp-json\/wp\/v2\/media\/5595"}],"wp:attachment":[{"href":"https:\/\/rayt.com\/fr\/wp-json\/wp\/v2\/media?parent=2135"}],"wp:term":[{"taxonomy":"product_cat","embeddable":true,"href":"https:\/\/rayt.com\/fr\/wp-json\/wp\/v2\/product_cat?post=2135"},{"taxonomy":"product_tag","embeddable":true,"href":"https:\/\/rayt.com\/fr\/wp-json\/wp\/v2\/product_tag?post=2135"}],"curies":[{"name":"wp","href":"https:\/\/api.w.org\/{rel}","templated":true}]}}