{"id":2144,"date":"2020-10-22T08:09:43","date_gmt":"2020-12-02T08:41:40","guid":{"rendered":"http:\/\/rayt.com\/?post_type=product&#038;p=2144"},"modified":"2021-02-22T10:46:12","modified_gmt":"2021-02-22T10:46:12","slug":"sprint-ms-polymer","status":"publish","type":"product","link":"https:\/\/rayt.com\/fr\/producto\/sprint-ms-polymer\/","title":{"rendered":"Sprint MS Polymer"},"content":{"rendered":"<p>Adh\u00e9sif et produit de colmatage tout en 1 : fixe, remplit et r\u00e9pare tout type de mat\u00e9riaux : bois, verre, m\u00e9taux, PVC, porcelaine, polyester, etc. \u00c9vite l\u2019apparition de moisissures.<\/p>\n","protected":false},"excerpt":{"rendered":"<p>Adh\u00e9sif et produit de colmatage tout en 1 : fixe,<\/p>\n","protected":false},"featured_media":2141,"comment_status":"open","ping_status":"closed","template":"","meta":{"_acf_changed":false},"product_cat":[437,494],"product_tag":[],"acf":[],"_links":{"self":[{"href":"https:\/\/rayt.com\/fr\/wp-json\/wp\/v2\/product\/2144"}],"collection":[{"href":"https:\/\/rayt.com\/fr\/wp-json\/wp\/v2\/product"}],"about":[{"href":"https:\/\/rayt.com\/fr\/wp-json\/wp\/v2\/types\/product"}],"replies":[{"embeddable":true,"href":"https:\/\/rayt.com\/fr\/wp-json\/wp\/v2\/comments?post=2144"}],"wp:featuredmedia":[{"embeddable":true,"href":"https:\/\/rayt.com\/fr\/wp-json\/wp\/v2\/media\/2141"}],"wp:attachment":[{"href":"https:\/\/rayt.com\/fr\/wp-json\/wp\/v2\/media?parent=2144"}],"wp:term":[{"taxonomy":"product_cat","embeddable":true,"href":"https:\/\/rayt.com\/fr\/wp-json\/wp\/v2\/product_cat?post=2144"},{"taxonomy":"product_tag","embeddable":true,"href":"https:\/\/rayt.com\/fr\/wp-json\/wp\/v2\/product_tag?post=2144"}],"curies":[{"name":"wp","href":"https:\/\/api.w.org\/{rel}","templated":true}]}}