{"id":2159,"date":"2020-10-22T08:51:55","date_gmt":"2020-12-02T09:06:07","guid":{"rendered":"http:\/\/rayt.com\/?post_type=product&#038;p=2159"},"modified":"2021-03-01T11:17:45","modified_gmt":"2021-03-01T11:17:45","slug":"novosil-pvc-metales-madera","status":"publish","type":"product","link":"https:\/\/rayt.com\/fr\/producto\/novosil-pvc-metales-madera\/","title":{"rendered":"Novosil PVC-Metales-Madera"},"content":{"rendered":"<p>Silicone pour la pose de PVC, m\u00e9taux, m\u00e9lamine, bois et tout type de mat\u00e9riaux poreux et non poreux. Peut \u00e9galement \u00eatre appliqu\u00e9 dans les salles de bains, cuisines et sanitaires.<\/p>\n","protected":false},"excerpt":{"rendered":"<p>Silicone pour la pose de PVC, m\u00e9taux, m\u00e9lamine, bois et<\/p>\n","protected":false},"featured_media":0,"comment_status":"open","ping_status":"closed","template":"","meta":{"_acf_changed":false},"product_cat":[437,497,509],"product_tag":[],"acf":[],"_links":{"self":[{"href":"https:\/\/rayt.com\/fr\/wp-json\/wp\/v2\/product\/2159"}],"collection":[{"href":"https:\/\/rayt.com\/fr\/wp-json\/wp\/v2\/product"}],"about":[{"href":"https:\/\/rayt.com\/fr\/wp-json\/wp\/v2\/types\/product"}],"replies":[{"embeddable":true,"href":"https:\/\/rayt.com\/fr\/wp-json\/wp\/v2\/comments?post=2159"}],"wp:attachment":[{"href":"https:\/\/rayt.com\/fr\/wp-json\/wp\/v2\/media?parent=2159"}],"wp:term":[{"taxonomy":"product_cat","embeddable":true,"href":"https:\/\/rayt.com\/fr\/wp-json\/wp\/v2\/product_cat?post=2159"},{"taxonomy":"product_tag","embeddable":true,"href":"https:\/\/rayt.com\/fr\/wp-json\/wp\/v2\/product_tag?post=2159"}],"curies":[{"name":"wp","href":"https:\/\/api.w.org\/{rel}","templated":true}]}}