{"id":2168,"date":"2020-10-22T08:45:25","date_gmt":"2020-12-02T09:33:48","guid":{"rendered":"http:\/\/rayt.com\/?post_type=product&#038;p=2168"},"modified":"2021-02-25T08:18:34","modified_gmt":"2021-02-25T08:18:34","slug":"novosil-sanitarios","status":"publish","type":"product","link":"https:\/\/rayt.com\/fr\/producto\/novosil-sanitarios\/","title":{"rendered":"Novosil Sanitarios"},"content":{"rendered":"<p>Silicone pour la pose d\u2019\u00e9l\u00e9ments dans les sanitaires, les salles de bain, la cuisine, sur le verre, la c\u00e9ramique et les surfaces m\u00e9talliques. Anti-moisissures.<\/p>\n","protected":false},"excerpt":{"rendered":"<p>Silicone pour la pose d\u2019\u00e9l\u00e9ments dans les sanitaires, les salles<\/p>\n","protected":false},"featured_media":2164,"comment_status":"open","ping_status":"closed","template":"","meta":{"_acf_changed":false},"product_cat":[437,497,506],"product_tag":[],"acf":[],"_links":{"self":[{"href":"https:\/\/rayt.com\/fr\/wp-json\/wp\/v2\/product\/2168"}],"collection":[{"href":"https:\/\/rayt.com\/fr\/wp-json\/wp\/v2\/product"}],"about":[{"href":"https:\/\/rayt.com\/fr\/wp-json\/wp\/v2\/types\/product"}],"replies":[{"embeddable":true,"href":"https:\/\/rayt.com\/fr\/wp-json\/wp\/v2\/comments?post=2168"}],"wp:featuredmedia":[{"embeddable":true,"href":"https:\/\/rayt.com\/fr\/wp-json\/wp\/v2\/media\/2164"}],"wp:attachment":[{"href":"https:\/\/rayt.com\/fr\/wp-json\/wp\/v2\/media?parent=2168"}],"wp:term":[{"taxonomy":"product_cat","embeddable":true,"href":"https:\/\/rayt.com\/fr\/wp-json\/wp\/v2\/product_cat?post=2168"},{"taxonomy":"product_tag","embeddable":true,"href":"https:\/\/rayt.com\/fr\/wp-json\/wp\/v2\/product_tag?post=2168"}],"curies":[{"name":"wp","href":"https:\/\/api.w.org\/{rel}","templated":true}]}}