{"id":2172,"date":"2020-12-02T09:38:20","date_gmt":"2020-12-02T09:46:22","guid":{"rendered":"http:\/\/rayt.com\/?post_type=product&#038;p=2172"},"modified":"2021-02-24T08:56:22","modified_gmt":"2021-02-24T08:56:22","slug":"novosil-sellador-2","status":"publish","type":"product","link":"https:\/\/rayt.com\/fr\/producto\/novosil-sellador-2\/","title":{"rendered":"Novosil Sellador"},"content":{"rendered":"<p>Produit de colmatage pour bois \u00e0 base aqueuse, facile \u00e0 appliquer, lavable \u00e0 l\u2019eau, pour la fixation de joints de plinthes, de plinthes stratifi\u00e9es et de pi\u00e8ces en bois sur du pl\u00e2tre, du placopl\u00e2tre, de la brique, de la c\u00e9ramique et du PVC.<\/p>\n","protected":false},"excerpt":{"rendered":"<p>Produit de colmatage pour bois \u00e0 base aqueuse, facile \u00e0<\/p>\n","protected":false},"featured_media":8730,"comment_status":"open","ping_status":"closed","template":"","meta":{"_acf_changed":false},"product_cat":[503,437,497],"product_tag":[],"acf":[],"_links":{"self":[{"href":"https:\/\/rayt.com\/fr\/wp-json\/wp\/v2\/product\/2172"}],"collection":[{"href":"https:\/\/rayt.com\/fr\/wp-json\/wp\/v2\/product"}],"about":[{"href":"https:\/\/rayt.com\/fr\/wp-json\/wp\/v2\/types\/product"}],"replies":[{"embeddable":true,"href":"https:\/\/rayt.com\/fr\/wp-json\/wp\/v2\/comments?post=2172"}],"wp:featuredmedia":[{"embeddable":true,"href":"https:\/\/rayt.com\/fr\/wp-json\/wp\/v2\/media\/8730"}],"wp:attachment":[{"href":"https:\/\/rayt.com\/fr\/wp-json\/wp\/v2\/media?parent=2172"}],"wp:term":[{"taxonomy":"product_cat","embeddable":true,"href":"https:\/\/rayt.com\/fr\/wp-json\/wp\/v2\/product_cat?post=2172"},{"taxonomy":"product_tag","embeddable":true,"href":"https:\/\/rayt.com\/fr\/wp-json\/wp\/v2\/product_tag?post=2172"}],"curies":[{"name":"wp","href":"https:\/\/api.w.org\/{rel}","templated":true}]}}