{"id":2194,"date":"2020-12-02T10:16:35","date_gmt":"2020-12-02T10:24:13","guid":{"rendered":"http:\/\/rayt.com\/?post_type=product&#038;p=2194"},"modified":"2021-02-24T09:54:08","modified_gmt":"2021-02-24T09:54:08","slug":"cinta-adhesiva-doble-cara-2","status":"publish","type":"product","link":"https:\/\/rayt.com\/fr\/producto\/cinta-adhesiva-doble-cara-2\/","title":{"rendered":"Cinta adhesiva doble cara"},"content":{"rendered":"<p>Ruban adh\u00e9sif double face pour la fixation des c\u00f4t\u00e9s et des p\u00e9rim\u00e8tres de pelouse artificielle, de moquettes de salons professionnels, etc.<br \/>\nSe retire facilement sans laisser de r\u00e9sidus.<\/p>\n","protected":false},"excerpt":{"rendered":"<p>Ruban adh\u00e9sif double face pour la fixation des c\u00f4t\u00e9s et<\/p>\n","protected":false},"featured_media":8214,"comment_status":"open","ping_status":"closed","template":"","meta":{"_acf_changed":false},"product_cat":[515,437],"product_tag":[],"acf":[],"_links":{"self":[{"href":"https:\/\/rayt.com\/fr\/wp-json\/wp\/v2\/product\/2194"}],"collection":[{"href":"https:\/\/rayt.com\/fr\/wp-json\/wp\/v2\/product"}],"about":[{"href":"https:\/\/rayt.com\/fr\/wp-json\/wp\/v2\/types\/product"}],"replies":[{"embeddable":true,"href":"https:\/\/rayt.com\/fr\/wp-json\/wp\/v2\/comments?post=2194"}],"wp:featuredmedia":[{"embeddable":true,"href":"https:\/\/rayt.com\/fr\/wp-json\/wp\/v2\/media\/8214"}],"wp:attachment":[{"href":"https:\/\/rayt.com\/fr\/wp-json\/wp\/v2\/media?parent=2194"}],"wp:term":[{"taxonomy":"product_cat","embeddable":true,"href":"https:\/\/rayt.com\/fr\/wp-json\/wp\/v2\/product_cat?post=2194"},{"taxonomy":"product_tag","embeddable":true,"href":"https:\/\/rayt.com\/fr\/wp-json\/wp\/v2\/product_tag?post=2194"}],"curies":[{"name":"wp","href":"https:\/\/api.w.org\/{rel}","templated":true}]}}