{"id":2217,"date":"2020-12-02T10:54:01","date_gmt":"2020-12-02T11:02:41","guid":{"rendered":"http:\/\/rayt.com\/?post_type=product&#038;p=2217"},"modified":"2021-02-22T10:48:40","modified_gmt":"2021-02-22T10:48:40","slug":"benkola-papel-vinilo-3","status":"publish","type":"product","link":"https:\/\/rayt.com\/fr\/producto\/benkola-papel-vinilo-3\/","title":{"rendered":"Benkola Papel vinilo"},"content":{"rendered":"<p>Colle \u00e0 la texture fine et facile \u00e0 appliquer pour la pose de papier peint ou de rev\u00eatement vinyle avec face arri\u00e8re en papier ou tissu.<\/p>\n","protected":false},"excerpt":{"rendered":"<p>Colle \u00e0 la texture fine et facile \u00e0 appliquer pour<\/p>\n","protected":false},"featured_media":5289,"comment_status":"open","ping_status":"closed","template":"","meta":{"_acf_changed":false},"product_cat":[524,437,518],"product_tag":[],"acf":[],"_links":{"self":[{"href":"https:\/\/rayt.com\/fr\/wp-json\/wp\/v2\/product\/2217"}],"collection":[{"href":"https:\/\/rayt.com\/fr\/wp-json\/wp\/v2\/product"}],"about":[{"href":"https:\/\/rayt.com\/fr\/wp-json\/wp\/v2\/types\/product"}],"replies":[{"embeddable":true,"href":"https:\/\/rayt.com\/fr\/wp-json\/wp\/v2\/comments?post=2217"}],"wp:featuredmedia":[{"embeddable":true,"href":"https:\/\/rayt.com\/fr\/wp-json\/wp\/v2\/media\/5289"}],"wp:attachment":[{"href":"https:\/\/rayt.com\/fr\/wp-json\/wp\/v2\/media?parent=2217"}],"wp:term":[{"taxonomy":"product_cat","embeddable":true,"href":"https:\/\/rayt.com\/fr\/wp-json\/wp\/v2\/product_cat?post=2217"},{"taxonomy":"product_tag","embeddable":true,"href":"https:\/\/rayt.com\/fr\/wp-json\/wp\/v2\/product_tag?post=2217"}],"curies":[{"name":"wp","href":"https:\/\/api.w.org\/{rel}","templated":true}]}}