{"id":2226,"date":"2020-12-02T11:09:48","date_gmt":"2020-12-02T11:17:26","guid":{"rendered":"http:\/\/rayt.com\/?post_type=product&#038;p=2226"},"modified":"2021-02-22T10:52:09","modified_gmt":"2021-02-22T10:52:09","slug":"benkola-revestimientos-ligeros-2","status":"publish","type":"product","link":"https:\/\/rayt.com\/fr\/producto\/benkola-revestimientos-ligeros-2\/","title":{"rendered":"Benkola Revestimientos ligeros"},"content":{"rendered":"<p>Colle pour l\u2019encollage de tout type de papiers peints avec face arri\u00e8re en toile non tiss\u00e9e et de rev\u00eatements l\u00e9gers.<\/p>\n","protected":false},"excerpt":{"rendered":"<p>Colle pour l\u2019encollage de tout type de papiers peints avec<\/p>\n","protected":false},"featured_media":5297,"comment_status":"open","ping_status":"closed","template":"","meta":{"_acf_changed":false},"product_cat":[524,437,518],"product_tag":[],"acf":[],"_links":{"self":[{"href":"https:\/\/rayt.com\/fr\/wp-json\/wp\/v2\/product\/2226"}],"collection":[{"href":"https:\/\/rayt.com\/fr\/wp-json\/wp\/v2\/product"}],"about":[{"href":"https:\/\/rayt.com\/fr\/wp-json\/wp\/v2\/types\/product"}],"replies":[{"embeddable":true,"href":"https:\/\/rayt.com\/fr\/wp-json\/wp\/v2\/comments?post=2226"}],"wp:featuredmedia":[{"embeddable":true,"href":"https:\/\/rayt.com\/fr\/wp-json\/wp\/v2\/media\/5297"}],"wp:attachment":[{"href":"https:\/\/rayt.com\/fr\/wp-json\/wp\/v2\/media?parent=2226"}],"wp:term":[{"taxonomy":"product_cat","embeddable":true,"href":"https:\/\/rayt.com\/fr\/wp-json\/wp\/v2\/product_cat?post=2226"},{"taxonomy":"product_tag","embeddable":true,"href":"https:\/\/rayt.com\/fr\/wp-json\/wp\/v2\/product_tag?post=2226"}],"curies":[{"name":"wp","href":"https:\/\/api.w.org\/{rel}","templated":true}]}}