{"id":2311,"date":"2020-12-03T09:32:03","date_gmt":"2020-12-03T09:41:32","guid":{"rendered":"http:\/\/rayt.com\/?post_type=product&#038;p=2311"},"modified":"2021-02-25T08:28:02","modified_gmt":"2021-02-25T08:28:02","slug":"rayt-sprint-ma-6512","status":"publish","type":"product","link":"https:\/\/rayt.com\/fr\/producto\/rayt-sprint-ma-6512\/","title":{"rendered":"MA-6512"},"content":{"rendered":"<p>Adh\u00e9sif thermofusible Hot-Melt en perles de couleur marbre.<br \/>\nCon\u00e7u sp\u00e9cialement pour l\u2019encollage de chants arrondis avec des machines manuelles ou semi-automatiques. Convient pour la m\u00e9lamine, le polyester, le bois contreplaqu\u00e9 et le PVC\/ABS.<\/p>\n","protected":false},"excerpt":{"rendered":"<p>Adh\u00e9sif thermofusible Hot-Melt en perles de couleur marbre. Con\u00e7u sp\u00e9cialement<\/p>\n","protected":false},"featured_media":5465,"comment_status":"open","ping_status":"closed","template":"","meta":{"_acf_changed":false},"product_cat":[530,437],"product_tag":[],"acf":[],"_links":{"self":[{"href":"https:\/\/rayt.com\/fr\/wp-json\/wp\/v2\/product\/2311"}],"collection":[{"href":"https:\/\/rayt.com\/fr\/wp-json\/wp\/v2\/product"}],"about":[{"href":"https:\/\/rayt.com\/fr\/wp-json\/wp\/v2\/types\/product"}],"replies":[{"embeddable":true,"href":"https:\/\/rayt.com\/fr\/wp-json\/wp\/v2\/comments?post=2311"}],"wp:featuredmedia":[{"embeddable":true,"href":"https:\/\/rayt.com\/fr\/wp-json\/wp\/v2\/media\/5465"}],"wp:attachment":[{"href":"https:\/\/rayt.com\/fr\/wp-json\/wp\/v2\/media?parent=2311"}],"wp:term":[{"taxonomy":"product_cat","embeddable":true,"href":"https:\/\/rayt.com\/fr\/wp-json\/wp\/v2\/product_cat?post=2311"},{"taxonomy":"product_tag","embeddable":true,"href":"https:\/\/rayt.com\/fr\/wp-json\/wp\/v2\/product_tag?post=2311"}],"curies":[{"name":"wp","href":"https:\/\/api.w.org\/{rel}","templated":true}]}}