{"id":2362,"date":"2020-12-04T08:31:26","date_gmt":"2020-12-04T08:38:35","guid":{"rendered":"http:\/\/rayt.com\/?post_type=product&#038;p=2362"},"modified":"2023-04-25T14:46:06","modified_gmt":"2023-04-25T14:46:06","slug":"cola-poliuretano-pu-500","status":"publish","type":"product","link":"https:\/\/rayt.com\/fr\/producto\/cola-poliuretano-pu-500\/","title":{"rendered":"PU-500"},"content":{"rendered":"<p>Adh\u00e9sif en polyur\u00e9thane pour la pose de pelouse artificielle, et l\u2019encollage de bois, b\u00e9ton, pl\u00e2tre, m\u00e9tal, etc. entre eux, et avec d\u2019autres mat\u00e9riaux. Durcissement \u00e0 l\u2019humidit\u00e9 : un gaz est lib\u00e9r\u00e9 pendant le durcissement et forme une petite quantit\u00e9 de mousse qui aide \u00e0 combler les petites irr\u00e9gularit\u00e9s du joint. Classification D4 conform\u00e9ment \u00e0 la norme UNE EN 204. Pr\u00eat \u00e0 l\u2019emploi.<\/p>\n<p>&nbsp;<\/p>\n<p><strong>Pour une utilisation s\u00fbre des mousses contenant des diisocyanates, nous proposons \u00e0 nos utilisateurs une formation \u00e0 la s\u00e9curit\u00e9, obligatoire pour les utilisateurs professionnels et industriels.<\/strong><\/p>\n<p><a class=\"fasc-button fasc-size-large fasc-type-flat fasc-style-bold\" style=\"background-color: #ff010b; color: #ffffff;\" target=\"_blank\" rel=\"noopener noreferrer\" href=\"https:\/\/isopa-aisbl.idloom.events\/048-fr\">Nous offrons une formation en ligne gratuite, ainsi qu&rsquo;un certificat de fin d&rsquo;\u00e9tudes, avec le code suivant : FEICA_21_N3<\/a><\/p>\n","protected":false},"excerpt":{"rendered":"<p>Adh\u00e9sif en polyur\u00e9thane pour la pose de pelouse artificielle, et<\/p>\n","protected":false},"featured_media":5699,"comment_status":"open","ping_status":"closed","template":"","meta":{"_acf_changed":false},"product_cat":[533,437],"product_tag":[],"acf":[],"_links":{"self":[{"href":"https:\/\/rayt.com\/fr\/wp-json\/wp\/v2\/product\/2362"}],"collection":[{"href":"https:\/\/rayt.com\/fr\/wp-json\/wp\/v2\/product"}],"about":[{"href":"https:\/\/rayt.com\/fr\/wp-json\/wp\/v2\/types\/product"}],"replies":[{"embeddable":true,"href":"https:\/\/rayt.com\/fr\/wp-json\/wp\/v2\/comments?post=2362"}],"wp:featuredmedia":[{"embeddable":true,"href":"https:\/\/rayt.com\/fr\/wp-json\/wp\/v2\/media\/5699"}],"wp:attachment":[{"href":"https:\/\/rayt.com\/fr\/wp-json\/wp\/v2\/media?parent=2362"}],"wp:term":[{"taxonomy":"product_cat","embeddable":true,"href":"https:\/\/rayt.com\/fr\/wp-json\/wp\/v2\/product_cat?post=2362"},{"taxonomy":"product_tag","embeddable":true,"href":"https:\/\/rayt.com\/fr\/wp-json\/wp\/v2\/product_tag?post=2362"}],"curies":[{"name":"wp","href":"https:\/\/api.w.org\/{rel}","templated":true}]}}