{"id":2367,"date":"2020-12-04T08:58:30","date_gmt":"2020-12-04T09:07:27","guid":{"rendered":"http:\/\/rayt.com\/?post_type=product&#038;p=2367"},"modified":"2021-02-22T11:09:21","modified_gmt":"2021-02-22T11:09:21","slug":"primacola-cp-1316","status":"publish","type":"product","link":"https:\/\/rayt.com\/fr\/producto\/primacola-cp-1316\/","title":{"rendered":"Primacola CP-1316"},"content":{"rendered":"<p>Adh\u00e9sif \u00e0 base aqueuse \u00e0 appliquer sur une seule face pour la pose de rev\u00eatements muraux en fibre de verre sur des panneaux de pl\u00e2tre, du ciment, du bois, etc.<\/p>\n","protected":false},"excerpt":{"rendered":"<p>Adh\u00e9sif \u00e0 base aqueuse \u00e0 appliquer sur une seule face<\/p>\n","protected":false},"featured_media":1470,"comment_status":"open","ping_status":"closed","template":"","meta":{"_acf_changed":false},"product_cat":[536,437],"product_tag":[],"acf":[],"_links":{"self":[{"href":"https:\/\/rayt.com\/fr\/wp-json\/wp\/v2\/product\/2367"}],"collection":[{"href":"https:\/\/rayt.com\/fr\/wp-json\/wp\/v2\/product"}],"about":[{"href":"https:\/\/rayt.com\/fr\/wp-json\/wp\/v2\/types\/product"}],"replies":[{"embeddable":true,"href":"https:\/\/rayt.com\/fr\/wp-json\/wp\/v2\/comments?post=2367"}],"wp:featuredmedia":[{"embeddable":true,"href":"https:\/\/rayt.com\/fr\/wp-json\/wp\/v2\/media\/1470"}],"wp:attachment":[{"href":"https:\/\/rayt.com\/fr\/wp-json\/wp\/v2\/media?parent=2367"}],"wp:term":[{"taxonomy":"product_cat","embeddable":true,"href":"https:\/\/rayt.com\/fr\/wp-json\/wp\/v2\/product_cat?post=2367"},{"taxonomy":"product_tag","embeddable":true,"href":"https:\/\/rayt.com\/fr\/wp-json\/wp\/v2\/product_tag?post=2367"}],"curies":[{"name":"wp","href":"https:\/\/api.w.org\/{rel}","templated":true}]}}