{"id":2371,"date":"2020-12-04T09:11:47","date_gmt":"2020-12-04T09:27:44","guid":{"rendered":"http:\/\/rayt.com\/?post_type=product&#038;p=2371"},"modified":"2021-03-01T11:30:49","modified_gmt":"2021-03-01T11:30:49","slug":"novopren-kit-2","status":"publish","type":"product","link":"https:\/\/rayt.com\/fr\/producto\/novopren-kit-2\/","title":{"rendered":"Novopren KIT"},"content":{"rendered":"<p>Adh\u00e9sif fixateur pour l\u2019encollage de plaques de plafond, carreaux, c\u00e9ramique, agglom\u00e9r\u00e9, bois, PVC, pierre naturelle et diff\u00e9rents supports. Ne convient pas pour le polystyr\u00e8ne expans\u00e9 ni pour les mat\u00e9riaux pouvant \u00eatre attaqu\u00e9s par les solvants.<\/p>\n","protected":false},"excerpt":{"rendered":"<p>Adh\u00e9sif fixateur pour l\u2019encollage de plaques de plafond, carreaux, c\u00e9ramique,<\/p>\n","protected":false},"featured_media":5539,"comment_status":"open","ping_status":"closed","template":"","meta":{"_acf_changed":false},"product_cat":[],"product_tag":[],"acf":[],"_links":{"self":[{"href":"https:\/\/rayt.com\/fr\/wp-json\/wp\/v2\/product\/2371"}],"collection":[{"href":"https:\/\/rayt.com\/fr\/wp-json\/wp\/v2\/product"}],"about":[{"href":"https:\/\/rayt.com\/fr\/wp-json\/wp\/v2\/types\/product"}],"replies":[{"embeddable":true,"href":"https:\/\/rayt.com\/fr\/wp-json\/wp\/v2\/comments?post=2371"}],"wp:featuredmedia":[{"embeddable":true,"href":"https:\/\/rayt.com\/fr\/wp-json\/wp\/v2\/media\/5539"}],"wp:attachment":[{"href":"https:\/\/rayt.com\/fr\/wp-json\/wp\/v2\/media?parent=2371"}],"wp:term":[{"taxonomy":"product_cat","embeddable":true,"href":"https:\/\/rayt.com\/fr\/wp-json\/wp\/v2\/product_cat?post=2371"},{"taxonomy":"product_tag","embeddable":true,"href":"https:\/\/rayt.com\/fr\/wp-json\/wp\/v2\/product_tag?post=2371"}],"curies":[{"name":"wp","href":"https:\/\/api.w.org\/{rel}","templated":true}]}}