{"id":2383,"date":"2020-12-04T09:44:01","date_gmt":"2020-12-04T09:52:45","guid":{"rendered":"http:\/\/rayt.com\/?post_type=product&#038;p=2383"},"modified":"2021-02-24T08:52:08","modified_gmt":"2021-02-24T08:52:08","slug":"sella-fix-rodapies-2","status":"publish","type":"product","link":"https:\/\/rayt.com\/fr\/producto\/sella-fix-rodapies-2\/","title":{"rendered":"Sella-Fix Rodapi\u00e9s"},"content":{"rendered":"<p>Adh\u00e9sif en base aqueuse pour l\u2019encollage de plinthes stratifi\u00e9es en bois. Permet \u00e9galement de fixer et de remplir les joints (de la plinthe et du mur, et joint de p\u00e9rim\u00e8tre entre la plinthe et le stratifi\u00e9). Convient \u00e9galement pour d\u2019autres mat\u00e9riaux tels que le polystyr\u00e8ne expans\u00e9 ou extrud\u00e9 sur des carreaux ou des panneaux isolants classiques pour la construction, et pour les corniches d\u00e9coratives. Pr\u00eat \u00e0 l\u2019emploi.<\/p>\n","protected":false},"excerpt":{"rendered":"<p>Adh\u00e9sif en base aqueuse pour l\u2019encollage de plinthes stratifi\u00e9es en<\/p>\n","protected":false},"featured_media":8697,"comment_status":"open","ping_status":"closed","template":"","meta":{"_acf_changed":false},"product_cat":[539,437],"product_tag":[],"acf":[],"_links":{"self":[{"href":"https:\/\/rayt.com\/fr\/wp-json\/wp\/v2\/product\/2383"}],"collection":[{"href":"https:\/\/rayt.com\/fr\/wp-json\/wp\/v2\/product"}],"about":[{"href":"https:\/\/rayt.com\/fr\/wp-json\/wp\/v2\/types\/product"}],"replies":[{"embeddable":true,"href":"https:\/\/rayt.com\/fr\/wp-json\/wp\/v2\/comments?post=2383"}],"wp:featuredmedia":[{"embeddable":true,"href":"https:\/\/rayt.com\/fr\/wp-json\/wp\/v2\/media\/8697"}],"wp:attachment":[{"href":"https:\/\/rayt.com\/fr\/wp-json\/wp\/v2\/media?parent=2383"}],"wp:term":[{"taxonomy":"product_cat","embeddable":true,"href":"https:\/\/rayt.com\/fr\/wp-json\/wp\/v2\/product_cat?post=2383"},{"taxonomy":"product_tag","embeddable":true,"href":"https:\/\/rayt.com\/fr\/wp-json\/wp\/v2\/product_tag?post=2383"}],"curies":[{"name":"wp","href":"https:\/\/api.w.org\/{rel}","templated":true}]}}