{"id":2389,"date":"2020-12-04T10:01:26","date_gmt":"2020-12-04T10:15:18","guid":{"rendered":"http:\/\/rayt.com\/?post_type=product&#038;p=2389"},"modified":"2020-12-04T10:15:19","modified_gmt":"2020-12-04T10:15:19","slug":"r-2000-2","status":"publish","type":"product","link":"https:\/\/rayt.com\/fr\/producto\/r-2000-2\/","title":{"rendered":"R-2000"},"content":{"rendered":"<p>Produit fixateur antid\u00e9rapant en dispersion aqueuse pour la pose de carreaux autoportants. D\u2019un grammage minimal, il permet d\u2019obtenir un effet antid\u00e9rapant permanent et une grande adh\u00e9rence en \u00e9vitant le d\u00e9placement lat\u00e9ral des carreaux. Adapt\u00e9 pour sols \u00e9quip\u00e9s de syst\u00e8mes de chauffage \u00e0 eau.<\/p>\n","protected":false},"excerpt":{"rendered":"<p>Produit fixateur antid\u00e9rapant en dispersion aqueuse pour la pose de<\/p>\n","protected":false},"featured_media":5317,"comment_status":"open","ping_status":"closed","template":"","meta":{"_acf_changed":false},"product_cat":[542,437],"product_tag":[],"acf":[],"_links":{"self":[{"href":"https:\/\/rayt.com\/fr\/wp-json\/wp\/v2\/product\/2389"}],"collection":[{"href":"https:\/\/rayt.com\/fr\/wp-json\/wp\/v2\/product"}],"about":[{"href":"https:\/\/rayt.com\/fr\/wp-json\/wp\/v2\/types\/product"}],"replies":[{"embeddable":true,"href":"https:\/\/rayt.com\/fr\/wp-json\/wp\/v2\/comments?post=2389"}],"wp:featuredmedia":[{"embeddable":true,"href":"https:\/\/rayt.com\/fr\/wp-json\/wp\/v2\/media\/5317"}],"wp:attachment":[{"href":"https:\/\/rayt.com\/fr\/wp-json\/wp\/v2\/media?parent=2389"}],"wp:term":[{"taxonomy":"product_cat","embeddable":true,"href":"https:\/\/rayt.com\/fr\/wp-json\/wp\/v2\/product_cat?post=2389"},{"taxonomy":"product_tag","embeddable":true,"href":"https:\/\/rayt.com\/fr\/wp-json\/wp\/v2\/product_tag?post=2389"}],"curies":[{"name":"wp","href":"https:\/\/api.w.org\/{rel}","templated":true}]}}