{"id":2420,"date":"2020-12-04T10:48:18","date_gmt":"2020-12-07T07:34:59","guid":{"rendered":"http:\/\/rayt.com\/?post_type=product&#038;p=2420"},"modified":"2020-12-07T07:34:59","modified_gmt":"2020-12-07T07:34:59","slug":"sella-fix-pavimentos-laminados-2","status":"publish","type":"product","link":"https:\/\/rayt.com\/fr\/producto\/sella-fix-pavimentos-laminados-2\/","title":{"rendered":"Sella-Fix Pavimentos laminados"},"content":{"rendered":"<p>Produit de colmatage pour les joints des sols stratifi\u00e9s et des parquets flottants, qui bloque les filtrations d\u2019eau et prolonge la dur\u00e9e de vie du rev\u00eatement de sol stratifi\u00e9. Pr\u00eat \u00e0 l\u2019emploi.<\/p>\n","protected":false},"excerpt":{"rendered":"<p>Produit de colmatage pour les joints des sols stratifi\u00e9s et<\/p>\n","protected":false},"featured_media":5723,"comment_status":"open","ping_status":"closed","template":"","meta":{"_acf_changed":false},"product_cat":[545,437],"product_tag":[],"acf":[],"_links":{"self":[{"href":"https:\/\/rayt.com\/fr\/wp-json\/wp\/v2\/product\/2420"}],"collection":[{"href":"https:\/\/rayt.com\/fr\/wp-json\/wp\/v2\/product"}],"about":[{"href":"https:\/\/rayt.com\/fr\/wp-json\/wp\/v2\/types\/product"}],"replies":[{"embeddable":true,"href":"https:\/\/rayt.com\/fr\/wp-json\/wp\/v2\/comments?post=2420"}],"wp:featuredmedia":[{"embeddable":true,"href":"https:\/\/rayt.com\/fr\/wp-json\/wp\/v2\/media\/5723"}],"wp:attachment":[{"href":"https:\/\/rayt.com\/fr\/wp-json\/wp\/v2\/media?parent=2420"}],"wp:term":[{"taxonomy":"product_cat","embeddable":true,"href":"https:\/\/rayt.com\/fr\/wp-json\/wp\/v2\/product_cat?post=2420"},{"taxonomy":"product_tag","embeddable":true,"href":"https:\/\/rayt.com\/fr\/wp-json\/wp\/v2\/product_tag?post=2420"}],"curies":[{"name":"wp","href":"https:\/\/api.w.org\/{rel}","templated":true}]}}